{"id":900,"date":"2021-06-10T09:40:36","date_gmt":"2021-06-10T09:40:36","guid":{"rendered":"https:\/\/sentier-deserteur.ch\/p15\/"},"modified":"2021-06-11T09:43:52","modified_gmt":"2021-06-11T09:43:52","slug":"p15","status":"publish","type":"page","link":"https:\/\/sentier-deserteur.ch\/en\/p15\/","title":{"rendered":"P15"},"content":{"rendered":"<p>[et_pb_section fb_built=&#8221;1&#8243; disabled_on=&#8221;on|on|off&#8221; _builder_version=&#8221;4.9.4&#8243; _module_preset=&#8221;default&#8221; custom_padding=&#8221;||0px|||&#8221;][et_pb_row column_structure=&#8221;1_5,3_5,1_5&#8243; use_custom_gutter=&#8221;on&#8221; gutter_width=&#8221;2&#8243; _builder_version=&#8221;4.9.4&#8243; _module_preset=&#8221;default&#8221;][et_pb_column type=&#8221;1_5&#8243; _builder_version=&#8221;4.9.4&#8243; _module_preset=&#8221;default&#8221;][et_pb_image src=&#8221;https:\/\/sentier-deserteur.ch\/wp-content\/uploads\/2021\/06\/p-brown.png&#8221; alt=&#8221;fl\u00e8che pr\u00e9c\u00e9dent&#8221; title_text=&#8221;fl\u00e8che pr\u00e9c\u00e9dent&#8221; url=&#8221;https:\/\/sentier-deserteur.ch\/en\/p14\/&#8221; align=&#8221;right&#8221; admin_label=&#8221;blanc&#8221; _builder_version=&#8221;4.9.4&#8243; _module_preset=&#8221;default&#8221; width=&#8221;15%&#8221; custom_margin=&#8221;95%||||false|false&#8221;][\/et_pb_image][\/et_pb_column][et_pb_column type=&#8221;3_5&#8243; _builder_version=&#8221;4.9.4&#8243; _module_preset=&#8221;default&#8221;][et_pb_image src=&#8221;https:\/\/sentier-deserteur.ch\/wp-content\/uploads\/2021\/06\/5Fichier-11x.png&#8221; title_text=&#8221;5Fichier 11x&#8221; align=&#8221;center&#8221; _builder_version=&#8221;4.9.4&#8243; _module_preset=&#8221;default&#8221;][\/et_pb_image][\/et_pb_column][et_pb_column type=&#8221;1_5&#8243; _builder_version=&#8221;4.9.4&#8243; _module_preset=&#8221;default&#8221;][et_pb_image src=&#8221;https:\/\/sentier-deserteur.ch\/wp-content\/uploads\/2021\/06\/s-brown.png&#8221; alt=&#8221;fl\u00e8che suivant&#8221; title_text=&#8221;fl\u00e8che suivant&#8221; url=&#8221;https:\/\/sentier-deserteur.ch\/en\/p16\/&#8221; admin_label=&#8221;suivant&#8221; _builder_version=&#8221;4.9.4&#8243; _module_preset=&#8221;default&#8221; width=&#8221;15%&#8221; custom_margin=&#8221;95%||||false|false&#8221;][\/et_pb_image][\/et_pb_column][\/et_pb_row][\/et_pb_section][et_pb_section fb_built=&#8221;1&#8243; disabled_on=&#8221;off|off|on&#8221; _builder_version=&#8221;4.9.4&#8243; _module_preset=&#8221;default&#8221; custom_padding=&#8221;||0px||false|false&#8221;][et_pb_row _builder_version=&#8221;4.9.4&#8243; _module_preset=&#8221;default&#8221; width=&#8221;100%&#8221; max_width=&#8221;100%&#8221; custom_padding=&#8221;0px||0px||false|false&#8221;][et_pb_column type=&#8221;4_4&#8243; _builder_version=&#8221;4.9.4&#8243; _module_preset=&#8221;default&#8221;][et_pb_image src=&#8221;https:\/\/sentier-deserteur.ch\/wp-content\/uploads\/2021\/06\/arrow_left.png&#8221; alt=&#8221;fl\u00e8che pr\u00e9c\u00e9dent&#8221; title_text=&#8221;arrow_left&#8221; url=&#8221;https:\/\/sentier-deserteur.ch\/en\/p14\/&#8221; admin_label=&#8221;pr\u00e9c\u00e9dent&#8221; module_class=&#8221;fleche&#8221; _builder_version=&#8221;4.9.4&#8243; _module_preset=&#8221;default&#8221; custom_margin=&#8221;20%||||false|false&#8221;][\/et_pb_image][et_pb_image src=&#8221;https:\/\/sentier-deserteur.ch\/wp-content\/uploads\/2021\/06\/5Fichier-11x.png&#8221; title_text=&#8221;5Fichier 11x&#8221; align=&#8221;center&#8221; module_class=&#8221;fleche&#8221; _builder_version=&#8221;4.9.4&#8243; _module_preset=&#8221;default&#8221; custom_padding=&#8221;0px||0px||false|false&#8221;][\/et_pb_image][et_pb_image src=&#8221;https:\/\/sentier-deserteur.ch\/wp-content\/uploads\/2021\/06\/arrow_right.png&#8221; alt=&#8221;fl\u00e8che suivant&#8221; title_text=&#8221;arrow_right&#8221; url=&#8221;https:\/\/sentier-deserteur.ch\/en\/p16\/&#8221; align=&#8221;right&#8221; admin_label=&#8221;suivant&#8221; module_class=&#8221;fleche&#8221; _builder_version=&#8221;4.9.4&#8243; _module_preset=&#8221;default&#8221; custom_margin=&#8221;20%||||false|false&#8221;][\/et_pb_image][\/et_pb_column][\/et_pb_row][\/et_pb_section][et_pb_section fb_built=&#8221;1&#8243; _builder_version=&#8221;4.9.4&#8243; _module_preset=&#8221;default&#8221; custom_padding=&#8221;0px||0px||false|false&#8221;][et_pb_row _builder_version=&#8221;4.9.4&#8243; _module_preset=&#8221;default&#8221;][et_pb_column type=&#8221;4_4&#8243; _builder_version=&#8221;4.9.4&#8243; _module_preset=&#8221;default&#8221;][et_pb_text _builder_version=&#8221;4.9.4&#8243; _module_preset=&#8221;default&#8221;]<\/p>\n<p>\u201cSometimes it was about someone who had just hurt himself with a pruning knife, and the Deserter knew a fantastic remedy using alcohol and arnica flower.\u201d<\/p>\n<p>[\/et_pb_text][\/et_pb_column][\/et_pb_row][et_pb_row column_structure=&#8221;1_5,3_5,1_5&#8243; use_custom_gutter=&#8221;on&#8221; gutter_width=&#8221;1&#8243; _builder_version=&#8221;4.9.4&#8243; _module_preset=&#8221;default&#8221;][et_pb_column type=&#8221;1_5&#8243; _builder_version=&#8221;4.9.4&#8243; _module_preset=&#8221;default&#8221;][et_pb_divider divider_weight=&#8221;2px&#8221; _builder_version=&#8221;4.9.4&#8243; _module_preset=&#8221;default&#8221; width=&#8221;57%&#8221; width_tablet=&#8221;81%&#8221; width_phone=&#8221;44%&#8221; width_last_edited=&#8221;on|phone&#8221;][\/et_pb_divider][et_pb_text _builder_version=&#8221;4.9.4&#8243; _module_preset=&#8221;default&#8221; header_3_font=&#8221;|700|||||||&#8221; header_3_text_color=&#8221;#b98b64&#8243; header_3_font_size=&#8221;24px&#8221; header_4_text_color=&#8221;#b98b64&#8243; custom_padding=&#8221;||||false|false&#8221; border_color_top=&#8221;#b98b64&#8243;]<\/p>\n<h3>JEAN GIONO<\/h3>\n<p>[\/et_pb_text][\/et_pb_column][et_pb_column type=&#8221;3_5&#8243; _builder_version=&#8221;4.9.4&#8243; _module_preset=&#8221;default&#8221;][et_pb_text _builder_version=&#8221;4.9.4&#8243; _module_preset=&#8221;default&#8221; header_4_font=&#8221;|700|||||||&#8221; header_4_text_color=&#8221;#330d00&#8243; custom_padding=&#8221;27px||||false|false&#8221;]<\/p>\n<h4>\u00a0Le D\u00e9serteur \u00a9 Gallimard<\/h4>\n<p>[\/et_pb_text][\/et_pb_column][et_pb_column type=&#8221;1_5&#8243; _builder_version=&#8221;4.9.4&#8243; _module_preset=&#8221;default&#8221;][\/et_pb_column][\/et_pb_row][et_pb_row column_structure=&#8221;1_2,1_2&#8243; _builder_version=&#8221;4.9.4&#8243; _module_preset=&#8221;default&#8221;][et_pb_column type=&#8221;1_2&#8243; _builder_version=&#8221;4.9.4&#8243; _module_preset=&#8221;default&#8221;][et_pb_text _builder_version=&#8221;4.9.4&#8243; _module_preset=&#8221;default&#8221; text_text_color=&#8221;#330d00&#8243;]<\/p>\n<p><strong>PATOIS<\/strong><br \/>Fo ou\u00ebndre de dzen\u00e9ybro po \u00e9 rematr\u00ebsse.<br \/><span style=\"color: #b98b64;\">You should rub down with juniper berries to combat rheumatic disorders.<\/span><\/p>\n<p>[\/et_pb_text][et_pb_text _builder_version=&#8221;4.9.4&#8243; _module_preset=&#8221;default&#8221;]<\/p>\n<p><img loading=\"lazy\" decoding=\"async\" class=\"alignnone size-full wp-image-237\" src=\"https:\/\/sentier-deserteur.ch\/wp-content\/uploads\/2021\/06\/icone1.png\" alt=\"\" width=\"28\" height=\"28\" \/>\u00a0He created the polychromy of a number of crucifixes sculpted in wood, and was also entrusted with pictorial decorations of cupboards.<\/p>\n<p>[\/et_pb_text][et_pb_text _builder_version=&#8221;4.9.4&#8243; _module_preset=&#8221;default&#8221;]<\/p>\n<p><img loading=\"lazy\" decoding=\"async\" class=\"alignnone size-full wp-image-240\" src=\"https:\/\/sentier-deserteur.ch\/wp-content\/uploads\/2021\/06\/icone2.png\" alt=\"\" width=\"29\" height=\"31\" \/> He made several cupboards for families of the Val d\u2019H\u00e9rens. Shown on this cupboard dating back to 1854 are the coats of arms of Seppey and Sierro.<\/p>\n<p>[\/et_pb_text][et_pb_text _builder_version=&#8221;4.9.4&#8243; _module_preset=&#8221;default&#8221;]<\/p>\n<p><img loading=\"lazy\" decoding=\"async\" class=\"alignnone size-full wp-image-243\" src=\"https:\/\/sentier-deserteur.ch\/wp-content\/uploads\/2021\/06\/icone3.png\" alt=\"\" width=\"31\" height=\"32\" \/>\u00a0He might have been a fugitive and he might have been a criminal, but why didn\u2019t he sell his expertise as a commercial transaction? Why didn\u2019t he strive to get out of hardship?<\/p>\n<p>[\/et_pb_text][\/et_pb_column][et_pb_column type=&#8221;1_2&#8243; _builder_version=&#8221;4.9.4&#8243; _module_preset=&#8221;default&#8221;][et_pb_image src=&#8221;https:\/\/sentier-deserteur.ch\/wp-content\/uploads\/2021\/06\/5Fichier-21x.png&#8221; title_text=&#8221;5Fichier 21x&#8221; align=&#8221;center&#8221; _builder_version=&#8221;4.9.4&#8243; _module_preset=&#8221;default&#8221; width=&#8221;75%&#8221; custom_margin=&#8221;||-23px|||&#8221;][\/et_pb_image][et_pb_text _builder_version=&#8221;4.9.4&#8243; _module_preset=&#8221;default&#8221; text_text_color=&#8221;#330D00&#8243; text_font_size=&#8221;13px&#8221; text_line_height=&#8221;1.3em&#8221; text_orientation=&#8221;center&#8221;]<\/p>\n<p><strong>Hanging cupboard with the coat of arms of Sierro and Seppey.\/strong><br \/><strong>Jean Sirro 1854 Marie Seppey<\/strong><br \/>83 x 68 x 32 cm. \u00a9 Robert Hofer, Sion<\/p>\n<p>[\/et_pb_text][\/et_pb_column][\/et_pb_row][et_pb_row _builder_version=&#8221;4.9.4&#8243; _module_preset=&#8221;default&#8221; custom_padding=&#8221;0px||0px|||&#8221;][et_pb_column type=&#8221;4_4&#8243; _builder_version=&#8221;4.9.4&#8243; _module_preset=&#8221;default&#8221;][et_pb_image src=&#8221;https:\/\/sentier-deserteur.ch\/wp-content\/uploads\/2021\/06\/Fichier3@10x.png&#8221; title_text=&#8221;Fichier3@10x&#8221; _builder_version=&#8221;4.9.4&#8243; _module_preset=&#8221;default&#8221; positioning=&#8221;relative&#8221; vertical_offset=&#8221;50px&#8221; z_index=&#8221;1&#8243; height=&#8221;60px&#8221; custom_padding=&#8221;|||80px|false|false&#8221;][\/et_pb_image][et_pb_text _builder_version=&#8221;4.9.4&#8243; _module_preset=&#8221;default&#8221; text_text_color=&#8221;#FFFFFF&#8221; background_color=&#8221;#B98B64&#8243; custom_padding=&#8221;30px|20px|20px|20px|false|false&#8221;]<\/p>\n<p>If you were given the job of designing your family\u2019s coat of arms, what would be on it?<\/p>\n<p>[\/et_pb_text][\/et_pb_column][\/et_pb_row][\/et_pb_section]<\/p>\n","protected":false},"excerpt":{"rendered":"<p>\u201cSometimes it was about someone who had just hurt himself with a pruning knife, and the Deserter knew a fantastic remedy using alcohol and arnica flower.\u201dJEAN GIONO\u00a0Le D\u00e9serteur \u00a9 GallimardPATOISFo ou\u00ebndre de dzen\u00e9ybro po \u00e9 rematr\u00ebsse.You should rub down with juniper berries to combat rheumatic disorders.\u00a0He created the polychromy of a number of crucifixes sculpted [&hellip;]<\/p>\n","protected":false},"author":2,"featured_media":0,"parent":0,"menu_order":0,"comment_status":"closed","ping_status":"closed","template":"","meta":{"_et_pb_use_builder":"on","_et_pb_old_content":"","_et_gb_content_width":"","footnotes":""},"class_list":["post-900","page","type-page","status-publish","hentry"],"yoast_head":"<!-- This site is optimized with the Yoast SEO plugin v27.3 - https:\/\/yoast.com\/product\/yoast-seo-wordpress\/ -->\n<title>Sentier D\u00e9serteur - Le sentier historique<\/title>\n<meta name=\"description\" content=\"Sometimes it was about someone who had just hurt himself with a pruning knife, and the Deserter knew a fantastic remedy using alcohol and arnica flower\" \/>\n<meta name=\"robots\" content=\"index, follow, max-snippet:-1, max-image-preview:large, max-video-preview:-1\" \/>\n<link rel=\"canonical\" href=\"https:\/\/sentier-deserteur.ch\/en\/p15\/\" \/>\n<meta property=\"og:locale\" content=\"en_US\" \/>\n<meta property=\"og:type\" content=\"article\" \/>\n<meta property=\"og:title\" content=\"Sentier D\u00e9serteur - Le sentier historique\" \/>\n<meta property=\"og:description\" content=\"Sometimes it was about someone who had just hurt himself with a pruning knife, and the Deserter knew a fantastic remedy using alcohol and arnica flower\" \/>\n<meta property=\"og:url\" content=\"https:\/\/sentier-deserteur.ch\/en\/p15\/\" \/>\n<meta property=\"og:site_name\" content=\"Sentier D\u00e9serteur\" \/>\n<meta property=\"article:modified_time\" content=\"2021-06-11T09:43:52+00:00\" \/>\n<meta property=\"og:image\" content=\"https:\/\/sentier-deserteur.ch\/wp-content\/uploads\/2021\/06\/icone1.png\" \/>\n<meta name=\"twitter:card\" content=\"summary_large_image\" \/>\n<meta name=\"twitter:label1\" content=\"Est. reading time\" \/>\n\t<meta name=\"twitter:data1\" content=\"5 minutes\" \/>\n<script type=\"application\/ld+json\" class=\"yoast-schema-graph\">{\"@context\":\"https:\\\/\\\/schema.org\",\"@graph\":[{\"@type\":\"WebPage\",\"@id\":\"https:\\\/\\\/sentier-deserteur.ch\\\/en\\\/p15\\\/\",\"url\":\"https:\\\/\\\/sentier-deserteur.ch\\\/en\\\/p15\\\/\",\"name\":\"Sentier D\u00e9serteur - Le sentier historique\",\"isPartOf\":{\"@id\":\"https:\\\/\\\/sentier-deserteur.ch\\\/#website\"},\"primaryImageOfPage\":{\"@id\":\"https:\\\/\\\/sentier-deserteur.ch\\\/en\\\/p15\\\/#primaryimage\"},\"image\":{\"@id\":\"https:\\\/\\\/sentier-deserteur.ch\\\/en\\\/p15\\\/#primaryimage\"},\"thumbnailUrl\":\"https:\\\/\\\/sentier-deserteur.ch\\\/wp-content\\\/uploads\\\/2021\\\/06\\\/icone1.png\",\"datePublished\":\"2021-06-10T09:40:36+00:00\",\"dateModified\":\"2021-06-11T09:43:52+00:00\",\"description\":\"Sometimes it was about someone who had just hurt himself with a pruning knife, and the Deserter knew a fantastic remedy using alcohol and arnica flower\",\"breadcrumb\":{\"@id\":\"https:\\\/\\\/sentier-deserteur.ch\\\/en\\\/p15\\\/#breadcrumb\"},\"inLanguage\":\"en-US\",\"potentialAction\":[{\"@type\":\"ReadAction\",\"target\":[\"https:\\\/\\\/sentier-deserteur.ch\\\/en\\\/p15\\\/\"]}]},{\"@type\":\"ImageObject\",\"inLanguage\":\"en-US\",\"@id\":\"https:\\\/\\\/sentier-deserteur.ch\\\/en\\\/p15\\\/#primaryimage\",\"url\":\"https:\\\/\\\/sentier-deserteur.ch\\\/wp-content\\\/uploads\\\/2021\\\/06\\\/icone1.png\",\"contentUrl\":\"https:\\\/\\\/sentier-deserteur.ch\\\/wp-content\\\/uploads\\\/2021\\\/06\\\/icone1.png\"},{\"@type\":\"BreadcrumbList\",\"@id\":\"https:\\\/\\\/sentier-deserteur.ch\\\/en\\\/p15\\\/#breadcrumb\",\"itemListElement\":[{\"@type\":\"ListItem\",\"position\":1,\"name\":\"Accueil\",\"item\":\"https:\\\/\\\/sentier-deserteur.ch\\\/en\\\/\"},{\"@type\":\"ListItem\",\"position\":2,\"name\":\"P15\"}]},{\"@type\":\"WebSite\",\"@id\":\"https:\\\/\\\/sentier-deserteur.ch\\\/#website\",\"url\":\"https:\\\/\\\/sentier-deserteur.ch\\\/\",\"name\":\"Sentier D\u00e9serteur\",\"description\":\"Sur les pas du D\u00e9serteur\",\"publisher\":{\"@id\":\"https:\\\/\\\/sentier-deserteur.ch\\\/#organization\"},\"potentialAction\":[{\"@type\":\"SearchAction\",\"target\":{\"@type\":\"EntryPoint\",\"urlTemplate\":\"https:\\\/\\\/sentier-deserteur.ch\\\/?s={search_term_string}\"},\"query-input\":{\"@type\":\"PropertyValueSpecification\",\"valueRequired\":true,\"valueName\":\"search_term_string\"}}],\"inLanguage\":\"en-US\"},{\"@type\":\"Organization\",\"@id\":\"https:\\\/\\\/sentier-deserteur.ch\\\/#organization\",\"name\":\"Le Sentier du D\u00e9serteur\",\"url\":\"https:\\\/\\\/sentier-deserteur.ch\\\/\",\"logo\":{\"@type\":\"ImageObject\",\"inLanguage\":\"en-US\",\"@id\":\"https:\\\/\\\/sentier-deserteur.ch\\\/#\\\/schema\\\/logo\\\/image\\\/\",\"url\":\"https:\\\/\\\/sentier-deserteur.ch\\\/wp-content\\\/uploads\\\/2021\\\/06\\\/logo-sent-desert.png\",\"contentUrl\":\"https:\\\/\\\/sentier-deserteur.ch\\\/wp-content\\\/uploads\\\/2021\\\/06\\\/logo-sent-desert.png\",\"width\":512,\"height\":512,\"caption\":\"Le Sentier du D\u00e9serteur\"},\"image\":{\"@id\":\"https:\\\/\\\/sentier-deserteur.ch\\\/#\\\/schema\\\/logo\\\/image\\\/\"}}]}<\/script>\n<!-- \/ Yoast SEO plugin. -->","yoast_head_json":{"title":"Sentier D\u00e9serteur - Le sentier historique","description":"Sometimes it was about someone who had just hurt himself with a pruning knife, and the Deserter knew a fantastic remedy using alcohol and arnica flower","robots":{"index":"index","follow":"follow","max-snippet":"max-snippet:-1","max-image-preview":"max-image-preview:large","max-video-preview":"max-video-preview:-1"},"canonical":"https:\/\/sentier-deserteur.ch\/en\/p15\/","og_locale":"en_US","og_type":"article","og_title":"Sentier D\u00e9serteur - Le sentier historique","og_description":"Sometimes it was about someone who had just hurt himself with a pruning knife, and the Deserter knew a fantastic remedy using alcohol and arnica flower","og_url":"https:\/\/sentier-deserteur.ch\/en\/p15\/","og_site_name":"Sentier D\u00e9serteur","article_modified_time":"2021-06-11T09:43:52+00:00","og_image":[{"url":"https:\/\/sentier-deserteur.ch\/wp-content\/uploads\/2021\/06\/icone1.png","type":"","width":"","height":""}],"twitter_card":"summary_large_image","twitter_misc":{"Est. reading time":"5 minutes"},"schema":{"@context":"https:\/\/schema.org","@graph":[{"@type":"WebPage","@id":"https:\/\/sentier-deserteur.ch\/en\/p15\/","url":"https:\/\/sentier-deserteur.ch\/en\/p15\/","name":"Sentier D\u00e9serteur - Le sentier historique","isPartOf":{"@id":"https:\/\/sentier-deserteur.ch\/#website"},"primaryImageOfPage":{"@id":"https:\/\/sentier-deserteur.ch\/en\/p15\/#primaryimage"},"image":{"@id":"https:\/\/sentier-deserteur.ch\/en\/p15\/#primaryimage"},"thumbnailUrl":"https:\/\/sentier-deserteur.ch\/wp-content\/uploads\/2021\/06\/icone1.png","datePublished":"2021-06-10T09:40:36+00:00","dateModified":"2021-06-11T09:43:52+00:00","description":"Sometimes it was about someone who had just hurt himself with a pruning knife, and the Deserter knew a fantastic remedy using alcohol and arnica flower","breadcrumb":{"@id":"https:\/\/sentier-deserteur.ch\/en\/p15\/#breadcrumb"},"inLanguage":"en-US","potentialAction":[{"@type":"ReadAction","target":["https:\/\/sentier-deserteur.ch\/en\/p15\/"]}]},{"@type":"ImageObject","inLanguage":"en-US","@id":"https:\/\/sentier-deserteur.ch\/en\/p15\/#primaryimage","url":"https:\/\/sentier-deserteur.ch\/wp-content\/uploads\/2021\/06\/icone1.png","contentUrl":"https:\/\/sentier-deserteur.ch\/wp-content\/uploads\/2021\/06\/icone1.png"},{"@type":"BreadcrumbList","@id":"https:\/\/sentier-deserteur.ch\/en\/p15\/#breadcrumb","itemListElement":[{"@type":"ListItem","position":1,"name":"Accueil","item":"https:\/\/sentier-deserteur.ch\/en\/"},{"@type":"ListItem","position":2,"name":"P15"}]},{"@type":"WebSite","@id":"https:\/\/sentier-deserteur.ch\/#website","url":"https:\/\/sentier-deserteur.ch\/","name":"Sentier D\u00e9serteur","description":"Sur les pas du D\u00e9serteur","publisher":{"@id":"https:\/\/sentier-deserteur.ch\/#organization"},"potentialAction":[{"@type":"SearchAction","target":{"@type":"EntryPoint","urlTemplate":"https:\/\/sentier-deserteur.ch\/?s={search_term_string}"},"query-input":{"@type":"PropertyValueSpecification","valueRequired":true,"valueName":"search_term_string"}}],"inLanguage":"en-US"},{"@type":"Organization","@id":"https:\/\/sentier-deserteur.ch\/#organization","name":"Le Sentier du D\u00e9serteur","url":"https:\/\/sentier-deserteur.ch\/","logo":{"@type":"ImageObject","inLanguage":"en-US","@id":"https:\/\/sentier-deserteur.ch\/#\/schema\/logo\/image\/","url":"https:\/\/sentier-deserteur.ch\/wp-content\/uploads\/2021\/06\/logo-sent-desert.png","contentUrl":"https:\/\/sentier-deserteur.ch\/wp-content\/uploads\/2021\/06\/logo-sent-desert.png","width":512,"height":512,"caption":"Le Sentier du D\u00e9serteur"},"image":{"@id":"https:\/\/sentier-deserteur.ch\/#\/schema\/logo\/image\/"}}]}},"_links":{"self":[{"href":"https:\/\/sentier-deserteur.ch\/en\/wp-json\/wp\/v2\/pages\/900","targetHints":{"allow":["GET"]}}],"collection":[{"href":"https:\/\/sentier-deserteur.ch\/en\/wp-json\/wp\/v2\/pages"}],"about":[{"href":"https:\/\/sentier-deserteur.ch\/en\/wp-json\/wp\/v2\/types\/page"}],"author":[{"embeddable":true,"href":"https:\/\/sentier-deserteur.ch\/en\/wp-json\/wp\/v2\/users\/2"}],"replies":[{"embeddable":true,"href":"https:\/\/sentier-deserteur.ch\/en\/wp-json\/wp\/v2\/comments?post=900"}],"version-history":[{"count":5,"href":"https:\/\/sentier-deserteur.ch\/en\/wp-json\/wp\/v2\/pages\/900\/revisions"}],"predecessor-version":[{"id":1222,"href":"https:\/\/sentier-deserteur.ch\/en\/wp-json\/wp\/v2\/pages\/900\/revisions\/1222"}],"wp:attachment":[{"href":"https:\/\/sentier-deserteur.ch\/en\/wp-json\/wp\/v2\/media?parent=900"}],"curies":[{"name":"wp","href":"https:\/\/api.w.org\/{rel}","templated":true}]}}