{"id":874,"date":"2021-06-10T08:58:35","date_gmt":"2021-06-10T08:58:35","guid":{"rendered":"https:\/\/sentier-deserteur.ch\/p10\/"},"modified":"2021-06-11T07:35:51","modified_gmt":"2021-06-11T07:35:51","slug":"p10","status":"publish","type":"page","link":"https:\/\/sentier-deserteur.ch\/en\/p10\/","title":{"rendered":"P10"},"content":{"rendered":"<p>[et_pb_section fb_built=&#8221;1&#8243; disabled_on=&#8221;on|on|off&#8221; _builder_version=&#8221;4.9.4&#8243; _module_preset=&#8221;default&#8221; custom_padding=&#8221;||0px|||&#8221;][et_pb_row column_structure=&#8221;1_5,3_5,1_5&#8243; use_custom_gutter=&#8221;on&#8221; gutter_width=&#8221;2&#8243; _builder_version=&#8221;4.9.4&#8243; _module_preset=&#8221;default&#8221;][et_pb_column type=&#8221;1_5&#8243; _builder_version=&#8221;4.9.4&#8243; _module_preset=&#8221;default&#8221;][et_pb_image src=&#8221;https:\/\/sentier-deserteur.ch\/wp-content\/uploads\/2021\/06\/p-brown.png&#8221; alt=&#8221;fl\u00e8che pr\u00e9c\u00e9dent&#8221; title_text=&#8221;fl\u00e8che pr\u00e9c\u00e9dent&#8221; url=&#8221;@ET-DC@eyJkeW5hbWljIjp0cnVlLCJjb250ZW50IjoicG9zdF9saW5rX3VybF9wYWdlIiwic2V0dGluZ3MiOnsicG9zdF9pZCI6IjY3In19@&#8221; align=&#8221;right&#8221; admin_label=&#8221;blanc&#8221; _builder_version=&#8221;4.9.4&#8243; _dynamic_attributes=&#8221;url&#8221; _module_preset=&#8221;default&#8221; width=&#8221;15%&#8221; custom_margin=&#8221;95%||||false|false&#8221;][\/et_pb_image][\/et_pb_column][et_pb_column type=&#8221;3_5&#8243; _builder_version=&#8221;4.9.4&#8243; _module_preset=&#8221;default&#8221;][et_pb_image src=&#8221;https:\/\/sentier-deserteur.ch\/wp-content\/uploads\/2021\/06\/009Fichier-11x.jpg&#8221; title_text=&#8221;009Fichier 11x&#8221; align=&#8221;center&#8221; _builder_version=&#8221;4.9.4&#8243; _module_preset=&#8221;default&#8221;][\/et_pb_image][\/et_pb_column][et_pb_column type=&#8221;1_5&#8243; _builder_version=&#8221;4.9.4&#8243; _module_preset=&#8221;default&#8221;][et_pb_image src=&#8221;https:\/\/sentier-deserteur.ch\/wp-content\/uploads\/2021\/06\/s-brown.png&#8221; alt=&#8221;fl\u00e8che suivant&#8221; title_text=&#8221;fl\u00e8che suivant&#8221; url=&#8221;@ET-DC@eyJkeW5hbWljIjp0cnVlLCJjb250ZW50IjoicG9zdF9saW5rX3VybF9wYWdlIiwic2V0dGluZ3MiOnsicG9zdF9pZCI6IjczIn19@&#8221; admin_label=&#8221;suivant&#8221; _builder_version=&#8221;4.9.4&#8243; _dynamic_attributes=&#8221;url&#8221; _module_preset=&#8221;default&#8221; width=&#8221;15%&#8221; custom_margin=&#8221;95%||||false|false&#8221;][\/et_pb_image][\/et_pb_column][\/et_pb_row][\/et_pb_section][et_pb_section fb_built=&#8221;1&#8243; disabled_on=&#8221;off|off|on&#8221; _builder_version=&#8221;4.9.4&#8243; _module_preset=&#8221;default&#8221; custom_padding=&#8221;||0px||false|false&#8221;][et_pb_row _builder_version=&#8221;4.9.4&#8243; _module_preset=&#8221;default&#8221; width=&#8221;100%&#8221; max_width=&#8221;100%&#8221; custom_padding=&#8221;0px||0px||false|false&#8221;][et_pb_column type=&#8221;4_4&#8243; _builder_version=&#8221;4.9.4&#8243; _module_preset=&#8221;default&#8221;][et_pb_image src=&#8221;https:\/\/sentier-deserteur.ch\/wp-content\/uploads\/2021\/06\/arrow_left.png&#8221; alt=&#8221;fl\u00e8che pr\u00e9c\u00e9dent&#8221; title_text=&#8221;arrow_left&#8221; url=&#8221;https:\/\/sentier-deserteur.ch\/en\/p09\/&#8221; admin_label=&#8221;pr\u00e9c\u00e9dent&#8221; module_class=&#8221;fleche&#8221; _builder_version=&#8221;4.9.4&#8243; _module_preset=&#8221;default&#8221; custom_margin=&#8221;20%||||false|false&#8221;][\/et_pb_image][et_pb_image src=&#8221;https:\/\/sentier-deserteur.ch\/wp-content\/uploads\/2021\/06\/009Fichier-11x.jpg&#8221; title_text=&#8221;009Fichier 11x&#8221; align=&#8221;center&#8221; module_class=&#8221;fleche&#8221; _builder_version=&#8221;4.9.4&#8243; _module_preset=&#8221;default&#8221; custom_padding=&#8221;0px||0px||false|false&#8221;][\/et_pb_image][et_pb_image src=&#8221;https:\/\/sentier-deserteur.ch\/wp-content\/uploads\/2021\/06\/arrow_right.png&#8221; alt=&#8221;fl\u00e8che suivant&#8221; title_text=&#8221;arrow_right&#8221; url=&#8221;https:\/\/sentier-deserteur.ch\/en\/p11\/&#8221; align=&#8221;right&#8221; admin_label=&#8221;suivant&#8221; module_class=&#8221;fleche&#8221; _builder_version=&#8221;4.9.4&#8243; _module_preset=&#8221;default&#8221; custom_margin=&#8221;20%||||false|false&#8221;][\/et_pb_image][\/et_pb_column][\/et_pb_row][\/et_pb_section][et_pb_section fb_built=&#8221;1&#8243; _builder_version=&#8221;4.9.4&#8243; _module_preset=&#8221;default&#8221; custom_padding=&#8221;0px||0px||false|false&#8221;][et_pb_row _builder_version=&#8221;4.9.4&#8243; _module_preset=&#8221;default&#8221;][et_pb_column type=&#8221;4_4&#8243; _builder_version=&#8221;4.9.4&#8243; _module_preset=&#8221;default&#8221;][et_pb_text _builder_version=&#8221;4.9.4&#8243; _module_preset=&#8221;default&#8221;]<\/p>\n<p>\u201cAnd there he is confined forever within these four walls: impoverishment, police, charity and death. In 1871 he got to Veysonnaz at a farmer\u2019s place, where this time he had to accept a bed for the night. It was  the 9th of March.\u201d<\/p>\n<p>[\/et_pb_text][\/et_pb_column][\/et_pb_row][et_pb_row column_structure=&#8221;1_5,3_5,1_5&#8243; use_custom_gutter=&#8221;on&#8221; gutter_width=&#8221;1&#8243; _builder_version=&#8221;4.9.4&#8243; _module_preset=&#8221;default&#8221;][et_pb_column type=&#8221;1_5&#8243; _builder_version=&#8221;4.9.4&#8243; _module_preset=&#8221;default&#8221;][et_pb_divider divider_weight=&#8221;2px&#8221; _builder_version=&#8221;4.9.4&#8243; _module_preset=&#8221;default&#8221; width=&#8221;57%&#8221; width_tablet=&#8221;31%&#8221; width_phone=&#8221;60%&#8221; width_last_edited=&#8221;on|phone&#8221;][\/et_pb_divider][et_pb_text _builder_version=&#8221;4.9.4&#8243; _module_preset=&#8221;default&#8221; header_3_font=&#8221;|700|||||||&#8221; header_3_text_color=&#8221;#b98b64&#8243; header_3_font_size=&#8221;24px&#8221; header_4_text_color=&#8221;#b98b64&#8243; custom_padding=&#8221;||||false|false&#8221; border_color_top=&#8221;#b98b64&#8243;]<\/p>\n<h3>JEAN GIONO<\/h3>\n<p>[\/et_pb_text][\/et_pb_column][et_pb_column type=&#8221;3_5&#8243; _builder_version=&#8221;4.9.4&#8243; _module_preset=&#8221;default&#8221;][et_pb_text _builder_version=&#8221;4.9.4&#8243; _module_preset=&#8221;default&#8221; header_4_font=&#8221;|700|||||||&#8221; header_4_text_color=&#8221;#330d00&#8243; custom_padding=&#8221;27px||||false|false&#8221;]<\/p>\n<h4>Le D\u00e9serteur \u00a9 Gallimard<\/h4>\n<p>[\/et_pb_text][\/et_pb_column][et_pb_column type=&#8221;1_5&#8243; _builder_version=&#8221;4.9.4&#8243; _module_preset=&#8221;default&#8221;][\/et_pb_column][\/et_pb_row][et_pb_row column_structure=&#8221;1_2,1_2&#8243; _builder_version=&#8221;4.9.4&#8243; _module_preset=&#8221;default&#8221;][et_pb_column type=&#8221;1_2&#8243; _builder_version=&#8221;4.9.4&#8243; _module_preset=&#8221;default&#8221;][et_pb_text _builder_version=&#8221;4.9.4&#8243; _module_preset=&#8221;default&#8221;]<\/p>\n<p><img loading=\"lazy\" decoding=\"async\" class=\"alignnone size-full wp-image-237\" src=\"https:\/\/sentier-deserteur.ch\/wp-content\/uploads\/2021\/06\/icone1.png\" alt=\"\" width=\"28\" height=\"28\" \/>\u00a0There is a sense of uncertainty around his death in the parish registers: one registrar notes that he died at Bieudron, another at Veysonnaz. Both places are written in the same hand, that of the curate Gillet. Lift up your head to the hill opposite, and see the steeple of the church of Veysonnaz, the church that was built after the Deserter passed through.<\/p>\n<p>[\/et_pb_text][et_pb_text _builder_version=&#8221;4.9.4&#8243; _module_preset=&#8221;default&#8221;]<\/p>\n<p><img loading=\"lazy\" decoding=\"async\" class=\"alignnone size-full wp-image-240\" src=\"https:\/\/sentier-deserteur.ch\/wp-content\/uploads\/2021\/06\/icone2.png\" alt=\"\" width=\"29\" height=\"31\" \/>\u00a0A source of classic inspiration from chromolithography in the 19th and 20th century.<\/p>\n<p>[\/et_pb_text][et_pb_text _builder_version=&#8221;4.9.4&#8243; _module_preset=&#8221;default&#8221; text_text_color=&#8221;#330D00&#8243;]<\/p>\n<p><strong>PATOIS<\/strong><br \/>I Bon Djy\u00fb de N\u00eenda, i parad\u00ee d\u2019Injonna, inf\u00e9i d\u2019Ijer\u00e2blo.<\/p>\n<p>[\/et_pb_text][et_pb_text _builder_version=&#8221;4.9.4&#8243; _module_preset=&#8221;default&#8221; text_text_color=&#8221;#B98B64&#8243;]<\/p>\n<p>The Good God of Nendaz, the paradise of Veysonnaz, the miserable hell of Is\u00e9rables.<\/p>\n<p>[\/et_pb_text][\/et_pb_column][et_pb_column type=&#8221;1_2&#8243; _builder_version=&#8221;4.9.4&#8243; _module_preset=&#8221;default&#8221;][et_pb_image src=&#8221;https:\/\/sentier-deserteur.ch\/wp-content\/uploads\/2021\/06\/Fichier11@5x.png&#8221; title_text=&#8221;Fichier11@5x&#8221; align=&#8221;center&#8221; _builder_version=&#8221;4.9.4&#8243; _module_preset=&#8221;default&#8221; width=&#8221;60%&#8221; custom_margin=&#8221;||0px|||&#8221;][\/et_pb_image][et_pb_text _builder_version=&#8221;4.9.4&#8243; _module_preset=&#8221;default&#8221; text_text_color=&#8221;#330D00&#8243; text_font_size=&#8221;13px&#8221; text_line_height=&#8221;1.3em&#8221; text_orientation=&#8221;center&#8221;]<\/p>\n<p><strong>THE SACRED HEART OF JESUS. C.F.B.<\/strong><br \/>31,5 x 24 cm. \u00a9 Robert Hofer, Sion<\/p>\n<p>[\/et_pb_text][\/et_pb_column][\/et_pb_row][et_pb_row _builder_version=&#8221;4.9.4&#8243; _module_preset=&#8221;default&#8221; custom_padding=&#8221;0px||0px||false|false&#8221;][et_pb_column type=&#8221;4_4&#8243; _builder_version=&#8221;4.9.4&#8243; _module_preset=&#8221;default&#8221;][et_pb_image src=&#8221;https:\/\/sentier-deserteur.ch\/wp-content\/uploads\/2021\/06\/Fichier3@10x.png&#8221; title_text=&#8221;Fichier3@10x&#8221; _builder_version=&#8221;4.9.4&#8243; _module_preset=&#8221;default&#8221; positioning=&#8221;relative&#8221; vertical_offset=&#8221;50px&#8221; z_index=&#8221;1&#8243; height=&#8221;60px&#8221; custom_padding=&#8221;|||80px|false|false&#8221;][\/et_pb_image][et_pb_text _builder_version=&#8221;4.9.4&#8243; _module_preset=&#8221;default&#8221; text_text_color=&#8221;#FFFFFF&#8221; background_color=&#8221;#B98B64&#8243; custom_margin=&#8221;||||false|false&#8221; custom_margin_tablet=&#8221;&#8221; custom_margin_phone=&#8221;&#8221; custom_margin_last_edited=&#8221;on|phone&#8221; custom_padding=&#8221;30px|20px|20px|20px|false|false&#8221;]<\/p>\n<p>CHARADE<br \/>My first is a boy\u2019s name<br \/>My second is the fourth letter of the alphabet<br \/>My third is the king of the jungle<br \/>My all is a flower<br \/>What am I?<\/p>\n<p>[\/et_pb_text][\/et_pb_column][\/et_pb_row][\/et_pb_section]<\/p>\n","protected":false},"excerpt":{"rendered":"<p>\u201cAnd there he is confined forever within these four walls: impoverishment, police, charity and death. In 1871 he got to Veysonnaz at a farmer\u2019s place, where this time he had to accept a bed for the night. It was the 9th of March.\u201dJEAN GIONOLe D\u00e9serteur \u00a9 Gallimard\u00a0There is a sense of uncertainty around his death [&hellip;]<\/p>\n","protected":false},"author":2,"featured_media":0,"parent":0,"menu_order":0,"comment_status":"closed","ping_status":"closed","template":"","meta":{"_et_pb_use_builder":"on","_et_pb_old_content":"","_et_gb_content_width":"","footnotes":""},"class_list":["post-874","page","type-page","status-publish","hentry"],"yoast_head":"<!-- This site is optimized with the Yoast SEO plugin v27.3 - https:\/\/yoast.com\/product\/yoast-seo-wordpress\/ -->\n<title>Sentier D\u00e9serteur - Le sentier historique<\/title>\n<meta name=\"description\" content=\"And there he is confined forever within these four walls: impoverishment, police, charity and death\" \/>\n<meta name=\"robots\" content=\"index, follow, max-snippet:-1, max-image-preview:large, max-video-preview:-1\" \/>\n<link rel=\"canonical\" href=\"https:\/\/sentier-deserteur.ch\/en\/p10\/\" \/>\n<meta property=\"og:locale\" content=\"en_US\" \/>\n<meta property=\"og:type\" content=\"article\" \/>\n<meta property=\"og:title\" content=\"Sentier D\u00e9serteur - Le sentier historique\" \/>\n<meta property=\"og:description\" content=\"And there he is confined forever within these four walls: impoverishment, police, charity and death\" \/>\n<meta property=\"og:url\" content=\"https:\/\/sentier-deserteur.ch\/en\/p10\/\" \/>\n<meta property=\"og:site_name\" content=\"Sentier D\u00e9serteur\" \/>\n<meta property=\"article:modified_time\" content=\"2021-06-11T07:35:51+00:00\" \/>\n<meta property=\"og:image\" content=\"https:\/\/sentier-deserteur.ch\/wp-content\/uploads\/2021\/06\/icone1.png\" \/>\n<meta name=\"twitter:card\" content=\"summary_large_image\" \/>\n<meta name=\"twitter:label1\" content=\"Est. reading time\" \/>\n\t<meta name=\"twitter:data1\" content=\"5 minutes\" \/>\n<script type=\"application\/ld+json\" class=\"yoast-schema-graph\">{\"@context\":\"https:\\\/\\\/schema.org\",\"@graph\":[{\"@type\":\"WebPage\",\"@id\":\"https:\\\/\\\/sentier-deserteur.ch\\\/en\\\/p10\\\/\",\"url\":\"https:\\\/\\\/sentier-deserteur.ch\\\/en\\\/p10\\\/\",\"name\":\"Sentier D\u00e9serteur - Le sentier historique\",\"isPartOf\":{\"@id\":\"https:\\\/\\\/sentier-deserteur.ch\\\/#website\"},\"primaryImageOfPage\":{\"@id\":\"https:\\\/\\\/sentier-deserteur.ch\\\/en\\\/p10\\\/#primaryimage\"},\"image\":{\"@id\":\"https:\\\/\\\/sentier-deserteur.ch\\\/en\\\/p10\\\/#primaryimage\"},\"thumbnailUrl\":\"https:\\\/\\\/sentier-deserteur.ch\\\/wp-content\\\/uploads\\\/2021\\\/06\\\/icone1.png\",\"datePublished\":\"2021-06-10T08:58:35+00:00\",\"dateModified\":\"2021-06-11T07:35:51+00:00\",\"description\":\"And there he is confined forever within these four walls: impoverishment, police, charity and death\",\"breadcrumb\":{\"@id\":\"https:\\\/\\\/sentier-deserteur.ch\\\/en\\\/p10\\\/#breadcrumb\"},\"inLanguage\":\"en-US\",\"potentialAction\":[{\"@type\":\"ReadAction\",\"target\":[\"https:\\\/\\\/sentier-deserteur.ch\\\/en\\\/p10\\\/\"]}]},{\"@type\":\"ImageObject\",\"inLanguage\":\"en-US\",\"@id\":\"https:\\\/\\\/sentier-deserteur.ch\\\/en\\\/p10\\\/#primaryimage\",\"url\":\"https:\\\/\\\/sentier-deserteur.ch\\\/wp-content\\\/uploads\\\/2021\\\/06\\\/icone1.png\",\"contentUrl\":\"https:\\\/\\\/sentier-deserteur.ch\\\/wp-content\\\/uploads\\\/2021\\\/06\\\/icone1.png\"},{\"@type\":\"BreadcrumbList\",\"@id\":\"https:\\\/\\\/sentier-deserteur.ch\\\/en\\\/p10\\\/#breadcrumb\",\"itemListElement\":[{\"@type\":\"ListItem\",\"position\":1,\"name\":\"Accueil\",\"item\":\"https:\\\/\\\/sentier-deserteur.ch\\\/en\\\/\"},{\"@type\":\"ListItem\",\"position\":2,\"name\":\"P10\"}]},{\"@type\":\"WebSite\",\"@id\":\"https:\\\/\\\/sentier-deserteur.ch\\\/#website\",\"url\":\"https:\\\/\\\/sentier-deserteur.ch\\\/\",\"name\":\"Sentier D\u00e9serteur\",\"description\":\"Sur les pas du D\u00e9serteur\",\"publisher\":{\"@id\":\"https:\\\/\\\/sentier-deserteur.ch\\\/#organization\"},\"potentialAction\":[{\"@type\":\"SearchAction\",\"target\":{\"@type\":\"EntryPoint\",\"urlTemplate\":\"https:\\\/\\\/sentier-deserteur.ch\\\/?s={search_term_string}\"},\"query-input\":{\"@type\":\"PropertyValueSpecification\",\"valueRequired\":true,\"valueName\":\"search_term_string\"}}],\"inLanguage\":\"en-US\"},{\"@type\":\"Organization\",\"@id\":\"https:\\\/\\\/sentier-deserteur.ch\\\/#organization\",\"name\":\"Le Sentier du D\u00e9serteur\",\"url\":\"https:\\\/\\\/sentier-deserteur.ch\\\/\",\"logo\":{\"@type\":\"ImageObject\",\"inLanguage\":\"en-US\",\"@id\":\"https:\\\/\\\/sentier-deserteur.ch\\\/#\\\/schema\\\/logo\\\/image\\\/\",\"url\":\"https:\\\/\\\/sentier-deserteur.ch\\\/wp-content\\\/uploads\\\/2021\\\/06\\\/logo-sent-desert.png\",\"contentUrl\":\"https:\\\/\\\/sentier-deserteur.ch\\\/wp-content\\\/uploads\\\/2021\\\/06\\\/logo-sent-desert.png\",\"width\":512,\"height\":512,\"caption\":\"Le Sentier du D\u00e9serteur\"},\"image\":{\"@id\":\"https:\\\/\\\/sentier-deserteur.ch\\\/#\\\/schema\\\/logo\\\/image\\\/\"}}]}<\/script>\n<!-- \/ Yoast SEO plugin. -->","yoast_head_json":{"title":"Sentier D\u00e9serteur - Le sentier historique","description":"And there he is confined forever within these four walls: impoverishment, police, charity and death","robots":{"index":"index","follow":"follow","max-snippet":"max-snippet:-1","max-image-preview":"max-image-preview:large","max-video-preview":"max-video-preview:-1"},"canonical":"https:\/\/sentier-deserteur.ch\/en\/p10\/","og_locale":"en_US","og_type":"article","og_title":"Sentier D\u00e9serteur - Le sentier historique","og_description":"And there he is confined forever within these four walls: impoverishment, police, charity and death","og_url":"https:\/\/sentier-deserteur.ch\/en\/p10\/","og_site_name":"Sentier D\u00e9serteur","article_modified_time":"2021-06-11T07:35:51+00:00","og_image":[{"url":"https:\/\/sentier-deserteur.ch\/wp-content\/uploads\/2021\/06\/icone1.png","type":"","width":"","height":""}],"twitter_card":"summary_large_image","twitter_misc":{"Est. reading time":"5 minutes"},"schema":{"@context":"https:\/\/schema.org","@graph":[{"@type":"WebPage","@id":"https:\/\/sentier-deserteur.ch\/en\/p10\/","url":"https:\/\/sentier-deserteur.ch\/en\/p10\/","name":"Sentier D\u00e9serteur - Le sentier historique","isPartOf":{"@id":"https:\/\/sentier-deserteur.ch\/#website"},"primaryImageOfPage":{"@id":"https:\/\/sentier-deserteur.ch\/en\/p10\/#primaryimage"},"image":{"@id":"https:\/\/sentier-deserteur.ch\/en\/p10\/#primaryimage"},"thumbnailUrl":"https:\/\/sentier-deserteur.ch\/wp-content\/uploads\/2021\/06\/icone1.png","datePublished":"2021-06-10T08:58:35+00:00","dateModified":"2021-06-11T07:35:51+00:00","description":"And there he is confined forever within these four walls: impoverishment, police, charity and death","breadcrumb":{"@id":"https:\/\/sentier-deserteur.ch\/en\/p10\/#breadcrumb"},"inLanguage":"en-US","potentialAction":[{"@type":"ReadAction","target":["https:\/\/sentier-deserteur.ch\/en\/p10\/"]}]},{"@type":"ImageObject","inLanguage":"en-US","@id":"https:\/\/sentier-deserteur.ch\/en\/p10\/#primaryimage","url":"https:\/\/sentier-deserteur.ch\/wp-content\/uploads\/2021\/06\/icone1.png","contentUrl":"https:\/\/sentier-deserteur.ch\/wp-content\/uploads\/2021\/06\/icone1.png"},{"@type":"BreadcrumbList","@id":"https:\/\/sentier-deserteur.ch\/en\/p10\/#breadcrumb","itemListElement":[{"@type":"ListItem","position":1,"name":"Accueil","item":"https:\/\/sentier-deserteur.ch\/en\/"},{"@type":"ListItem","position":2,"name":"P10"}]},{"@type":"WebSite","@id":"https:\/\/sentier-deserteur.ch\/#website","url":"https:\/\/sentier-deserteur.ch\/","name":"Sentier D\u00e9serteur","description":"Sur les pas du D\u00e9serteur","publisher":{"@id":"https:\/\/sentier-deserteur.ch\/#organization"},"potentialAction":[{"@type":"SearchAction","target":{"@type":"EntryPoint","urlTemplate":"https:\/\/sentier-deserteur.ch\/?s={search_term_string}"},"query-input":{"@type":"PropertyValueSpecification","valueRequired":true,"valueName":"search_term_string"}}],"inLanguage":"en-US"},{"@type":"Organization","@id":"https:\/\/sentier-deserteur.ch\/#organization","name":"Le Sentier du D\u00e9serteur","url":"https:\/\/sentier-deserteur.ch\/","logo":{"@type":"ImageObject","inLanguage":"en-US","@id":"https:\/\/sentier-deserteur.ch\/#\/schema\/logo\/image\/","url":"https:\/\/sentier-deserteur.ch\/wp-content\/uploads\/2021\/06\/logo-sent-desert.png","contentUrl":"https:\/\/sentier-deserteur.ch\/wp-content\/uploads\/2021\/06\/logo-sent-desert.png","width":512,"height":512,"caption":"Le Sentier du D\u00e9serteur"},"image":{"@id":"https:\/\/sentier-deserteur.ch\/#\/schema\/logo\/image\/"}}]}},"_links":{"self":[{"href":"https:\/\/sentier-deserteur.ch\/en\/wp-json\/wp\/v2\/pages\/874","targetHints":{"allow":["GET"]}}],"collection":[{"href":"https:\/\/sentier-deserteur.ch\/en\/wp-json\/wp\/v2\/pages"}],"about":[{"href":"https:\/\/sentier-deserteur.ch\/en\/wp-json\/wp\/v2\/types\/page"}],"author":[{"embeddable":true,"href":"https:\/\/sentier-deserteur.ch\/en\/wp-json\/wp\/v2\/users\/2"}],"replies":[{"embeddable":true,"href":"https:\/\/sentier-deserteur.ch\/en\/wp-json\/wp\/v2\/comments?post=874"}],"version-history":[{"count":5,"href":"https:\/\/sentier-deserteur.ch\/en\/wp-json\/wp\/v2\/pages\/874\/revisions"}],"predecessor-version":[{"id":1197,"href":"https:\/\/sentier-deserteur.ch\/en\/wp-json\/wp\/v2\/pages\/874\/revisions\/1197"}],"wp:attachment":[{"href":"https:\/\/sentier-deserteur.ch\/en\/wp-json\/wp\/v2\/media?parent=874"}],"curies":[{"name":"wp","href":"https:\/\/api.w.org\/{rel}","templated":true}]}}