{"id":852,"date":"2021-06-10T08:34:57","date_gmt":"2021-06-10T08:34:57","guid":{"rendered":"https:\/\/sentier-deserteur.ch\/p05\/"},"modified":"2021-06-11T07:22:09","modified_gmt":"2021-06-11T07:22:09","slug":"p05","status":"publish","type":"page","link":"https:\/\/sentier-deserteur.ch\/en\/p05\/","title":{"rendered":"P05"},"content":{"rendered":"<p>[et_pb_section fb_built=&#8221;1&#8243; disabled_on=&#8221;on|on|off&#8221; _builder_version=&#8221;4.9.4&#8243; _module_preset=&#8221;default&#8221; custom_padding=&#8221;||0px|||&#8221;][et_pb_row column_structure=&#8221;1_5,3_5,1_5&#8243; use_custom_gutter=&#8221;on&#8221; gutter_width=&#8221;2&#8243; _builder_version=&#8221;4.9.4&#8243; _module_preset=&#8221;default&#8221;][et_pb_column type=&#8221;1_5&#8243; _builder_version=&#8221;4.9.4&#8243; _module_preset=&#8221;default&#8221;][et_pb_image src=&#8221;https:\/\/sentier-deserteur.ch\/wp-content\/uploads\/2021\/06\/p-brown.png&#8221; alt=&#8221;fl\u00e8che pr\u00e9c\u00e9dent&#8221; title_text=&#8221;fl\u00e8che pr\u00e9c\u00e9dent&#8221; url=&#8221;@ET-DC@eyJkeW5hbWljIjp0cnVlLCJjb250ZW50IjoicG9zdF9saW5rX3VybF9wYWdlIiwic2V0dGluZ3MiOnsicG9zdF9pZCI6IjUyIn19@&#8221; align=&#8221;right&#8221; admin_label=&#8221;blanc&#8221; _builder_version=&#8221;4.9.4&#8243; _dynamic_attributes=&#8221;url&#8221; _module_preset=&#8221;default&#8221; width=&#8221;15%&#8221; custom_margin=&#8221;95%||||false|false&#8221;][\/et_pb_image][\/et_pb_column][et_pb_column type=&#8221;3_5&#8243; _builder_version=&#8221;4.9.4&#8243; _module_preset=&#8221;default&#8221;][et_pb_image src=&#8221;https:\/\/sentier-deserteur.ch\/wp-content\/uploads\/2021\/06\/004Fichier-11x.jpg&#8221; title_text=&#8221;004Fichier 11x&#8221; align=&#8221;center&#8221; _builder_version=&#8221;4.9.4&#8243; _module_preset=&#8221;default&#8221;][\/et_pb_image][\/et_pb_column][et_pb_column type=&#8221;1_5&#8243; _builder_version=&#8221;4.9.4&#8243; _module_preset=&#8221;default&#8221;][et_pb_image src=&#8221;https:\/\/sentier-deserteur.ch\/wp-content\/uploads\/2021\/06\/s-brown.png&#8221; alt=&#8221;fl\u00e8che suivant&#8221; title_text=&#8221;fl\u00e8che suivant&#8221; url=&#8221;@ET-DC@eyJkeW5hbWljIjp0cnVlLCJjb250ZW50IjoicG9zdF9saW5rX3VybF9wYWdlIiwic2V0dGluZ3MiOnsicG9zdF9pZCI6IjU4In19@&#8221; admin_label=&#8221;suivant&#8221; _builder_version=&#8221;4.9.4&#8243; _dynamic_attributes=&#8221;url&#8221; _module_preset=&#8221;default&#8221; width=&#8221;15%&#8221; custom_margin=&#8221;95%||||false|false&#8221;][\/et_pb_image][\/et_pb_column][\/et_pb_row][\/et_pb_section][et_pb_section fb_built=&#8221;1&#8243; disabled_on=&#8221;off|off|on&#8221; _builder_version=&#8221;4.9.4&#8243; _module_preset=&#8221;default&#8221; custom_padding=&#8221;||0px||false|false&#8221;][et_pb_row _builder_version=&#8221;4.9.4&#8243; _module_preset=&#8221;default&#8221; width=&#8221;100%&#8221; max_width=&#8221;100%&#8221; custom_padding=&#8221;0px||0px||false|false&#8221;][et_pb_column type=&#8221;4_4&#8243; _builder_version=&#8221;4.9.4&#8243; _module_preset=&#8221;default&#8221;][et_pb_image src=&#8221;https:\/\/sentier-deserteur.ch\/wp-content\/uploads\/2021\/06\/arrow_left.png&#8221; alt=&#8221;fl\u00e8che pr\u00e9c\u00e9dent&#8221; title_text=&#8221;arrow_left&#8221; url=&#8221;https:\/\/sentier-deserteur.ch\/en\/p04\/&#8221; admin_label=&#8221;pr\u00e9c\u00e9dent&#8221; module_class=&#8221;fleche&#8221; _builder_version=&#8221;4.9.4&#8243; _module_preset=&#8221;default&#8221; custom_margin=&#8221;20%||||false|false&#8221;][\/et_pb_image][et_pb_image src=&#8221;https:\/\/sentier-deserteur.ch\/wp-content\/uploads\/2021\/06\/004Fichier-11x.jpg&#8221; title_text=&#8221;004Fichier 11x&#8221; align=&#8221;center&#8221; module_class=&#8221;fleche&#8221; _builder_version=&#8221;4.9.4&#8243; _module_preset=&#8221;default&#8221; custom_padding=&#8221;0px||0px||false|false&#8221;][\/et_pb_image][et_pb_image src=&#8221;https:\/\/sentier-deserteur.ch\/wp-content\/uploads\/2021\/06\/arrow_right.png&#8221; alt=&#8221;fl\u00e8che suivant&#8221; title_text=&#8221;arrow_right&#8221; url=&#8221;https:\/\/sentier-deserteur.ch\/en\/p06\/&#8221; align=&#8221;right&#8221; admin_label=&#8221;suivant&#8221; module_class=&#8221;fleche&#8221; _builder_version=&#8221;4.9.4&#8243; _module_preset=&#8221;default&#8221; custom_margin=&#8221;20%||||false|false&#8221;][\/et_pb_image][\/et_pb_column][\/et_pb_row][\/et_pb_section][et_pb_section fb_built=&#8221;1&#8243; _builder_version=&#8221;4.9.4&#8243; _module_preset=&#8221;default&#8221; custom_padding=&#8221;0px||0px||false|false&#8221;][et_pb_row _builder_version=&#8221;4.9.4&#8243; _module_preset=&#8221;default&#8221;][et_pb_column type=&#8221;4_4&#8243; _builder_version=&#8221;4.9.4&#8243; _module_preset=&#8221;default&#8221;][et_pb_text _builder_version=&#8221;4.9.4&#8243; _module_preset=&#8221;default&#8221; hover_enabled=&#8221;0&#8243; sticky_enabled=&#8221;0&#8243;]<\/p>\n<p>\u201cBrun is busy painting (paintering, as he says) using watercolours\u2026he sucks the paintbrush and dabs the colour tablets, he tries out the colour on the palm of his left hand, he mixes it around if necessary and goes on to apply it to the paper.\u201d<\/p>\n<p>[\/et_pb_text][\/et_pb_column][\/et_pb_row][et_pb_row column_structure=&#8221;1_5,3_5,1_5&#8243; use_custom_gutter=&#8221;on&#8221; gutter_width=&#8221;1&#8243; _builder_version=&#8221;4.9.4&#8243; _module_preset=&#8221;default&#8221;][et_pb_column type=&#8221;1_5&#8243; _builder_version=&#8221;4.9.4&#8243; _module_preset=&#8221;default&#8221;][et_pb_divider divider_weight=&#8221;2px&#8221; _builder_version=&#8221;4.9.4&#8243; _module_preset=&#8221;default&#8221; width=&#8221;57%&#8221; width_tablet=&#8221;31%&#8221; width_phone=&#8221;60%&#8221; width_last_edited=&#8221;on|phone&#8221;][\/et_pb_divider][et_pb_text _builder_version=&#8221;4.9.4&#8243; _module_preset=&#8221;default&#8221; header_3_font=&#8221;|700|||||||&#8221; header_3_text_color=&#8221;#b98b64&#8243; header_3_font_size=&#8221;24px&#8221; header_4_text_color=&#8221;#b98b64&#8243; custom_padding=&#8221;||||false|false&#8221; border_color_top=&#8221;#b98b64&#8243;]<\/p>\n<h3>JEAN GIONO<\/h3>\n<p>[\/et_pb_text][\/et_pb_column][et_pb_column type=&#8221;3_5&#8243; _builder_version=&#8221;4.9.4&#8243; _module_preset=&#8221;default&#8221;][et_pb_text _builder_version=&#8221;4.9.4&#8243; _module_preset=&#8221;default&#8221; header_4_font=&#8221;|700|||||||&#8221; header_4_text_color=&#8221;#330d00&#8243; custom_padding=&#8221;27px||||false|false&#8221;]<\/p>\n<h4>Le D\u00e9serteur \u00a9 Gallimard<\/h4>\n<p>[\/et_pb_text][\/et_pb_column][et_pb_column type=&#8221;1_5&#8243; _builder_version=&#8221;4.9.4&#8243; _module_preset=&#8221;default&#8221;][\/et_pb_column][\/et_pb_row][et_pb_row _builder_version=&#8221;4.9.4&#8243; _module_preset=&#8221;default&#8221;][et_pb_column type=&#8221;4_4&#8243; _builder_version=&#8221;4.9.4&#8243; _module_preset=&#8221;default&#8221;][et_pb_text _builder_version=&#8221;4.9.4&#8243; _module_preset=&#8221;default&#8221;]<\/p>\n<p><img loading=\"lazy\" decoding=\"async\" class=\"alignnone size-full wp-image-237\" src=\"https:\/\/sentier-deserteur.ch\/wp-content\/uploads\/2021\/06\/icone1.png\" alt=\"\" width=\"28\" height=\"28\" \/>\u00a0Natives referred to him as \u2018The Deserter\u2019, nobody remembered his first name, his family name, or where he came from.<\/p>\n<p>[\/et_pb_text][\/et_pb_column][\/et_pb_row][et_pb_row column_structure=&#8221;2_5,3_5&#8243; _builder_version=&#8221;4.9.4&#8243; _module_preset=&#8221;default&#8221;][et_pb_column type=&#8221;2_5&#8243; _builder_version=&#8221;4.9.4&#8243; _module_preset=&#8221;default&#8221;][et_pb_text _builder_version=&#8221;4.9.4&#8243; _module_preset=&#8221;default&#8221; custom_margin=&#8221;||100px|||&#8221; custom_margin_tablet=&#8221;||20px||false|false&#8221; custom_margin_phone=&#8221;&#8221; custom_margin_last_edited=&#8221;on|tablet&#8221;]<\/p>\n<p><img loading=\"lazy\" decoding=\"async\" class=\"alignnone size-full wp-image-240\" src=\"https:\/\/sentier-deserteur.ch\/wp-content\/uploads\/2021\/06\/icone2.png\" alt=\"\" width=\"29\" height=\"31\" \/>\u00a0This is the only picture of his protector saint made by Charles-Fr\u00e9d\u00e9ric Brun. Note the two Swiss flags at the bottom of the Bishop\u2019s stole \u2013 maybe to flatter the sponsor, the person for whom the Deserter painted the picture.<\/p>\n<p>[\/et_pb_text][et_pb_text _builder_version=&#8221;4.9.4&#8243; _module_preset=&#8221;default&#8221; text_text_color=&#8221;#330D00&#8243; custom_margin=&#8221;||100px|||&#8221; custom_margin_tablet=&#8221;||20px||false|false&#8221; custom_margin_phone=&#8221;&#8221; custom_margin_last_edited=&#8221;on|tablet&#8221;]<\/p>\n<p><strong>PATOIS<\/strong><br \/>Bario\u00e2, blants\u00ee, p\u00ebnta, rep\u00ebnta, retchy\u00ebndre, tchy\u00ebndre.<\/p>\n<p>[\/et_pb_text][et_pb_text _builder_version=&#8221;4.9.4&#8243; _module_preset=&#8221;default&#8221; text_text_color=&#8221;#B98B64&#8243; custom_margin=&#8221;||100px|||&#8221; custom_margin_tablet=&#8221;||20px||false|false&#8221; custom_margin_phone=&#8221;&#8221; custom_margin_last_edited=&#8221;on|tablet&#8221;]<\/p>\n<p>These are verbs used in patois that mean \u2018to paint\u2019.<\/p>\n<p>[\/et_pb_text][et_pb_text _builder_version=&#8221;4.9.4&#8243; _module_preset=&#8221;default&#8221;]<\/p>\n<p><img loading=\"lazy\" decoding=\"async\" class=\"alignnone size-full wp-image-243\" src=\"https:\/\/sentier-deserteur.ch\/wp-content\/uploads\/2021\/06\/icone3.png\" alt=\"\" width=\"31\" height=\"32\" \/>\u00a0How much did a picture cost in those days?<\/p>\n<p>[\/et_pb_text][\/et_pb_column][et_pb_column type=&#8221;3_5&#8243; _builder_version=&#8221;4.9.4&#8243; _module_preset=&#8221;default&#8221;][et_pb_image src=&#8221;https:\/\/sentier-deserteur.ch\/wp-content\/uploads\/2021\/06\/Fichier4@5x.png&#8221; title_text=&#8221;Fichier4@5x&#8221; _builder_version=&#8221;4.9.4&#8243; _module_preset=&#8221;default&#8221; width=&#8221;50%&#8221; width_tablet=&#8221;70%&#8221; width_phone=&#8221;&#8221; width_last_edited=&#8221;on|tablet&#8221; module_alignment=&#8221;center&#8221; custom_margin=&#8221;||-1px|||&#8221; custom_margin_tablet=&#8221;50px||||false|false&#8221; custom_margin_phone=&#8221;30px||||false|false&#8221; custom_margin_last_edited=&#8221;on|phone&#8221;][\/et_pb_image][et_pb_text _builder_version=&#8221;4.9.4&#8243; _module_preset=&#8221;default&#8221; text_font=&#8221;||on||||||&#8221; text_text_color=&#8221;#330D00&#8243; text_font_size=&#8221;13px&#8221; text_line_height=&#8221;1.3em&#8221; text_orientation=&#8221;center&#8221;]<\/p>\n<p><strong>J.C.A.L. C.F.B.<\/strong><br \/>J.C.A.L. C.F.B.<br \/>\nJean, Charles, Antoine Locher caused this image to be<br \/>\nmade a Brig[non, the 3rd?] April 1859<\/p>\n<p>[\/et_pb_text][\/et_pb_column][\/et_pb_row][et_pb_row _builder_version=&#8221;4.9.4&#8243; _module_preset=&#8221;default&#8221; custom_padding=&#8221;0px||0px||false|false&#8221;][et_pb_column type=&#8221;4_4&#8243; _builder_version=&#8221;4.9.4&#8243; _module_preset=&#8221;default&#8221;][et_pb_image src=&#8221;https:\/\/sentier-deserteur.ch\/wp-content\/uploads\/2021\/06\/Fichier3@10x.png&#8221; title_text=&#8221;Fichier3@10x&#8221; _builder_version=&#8221;4.9.4&#8243; _module_preset=&#8221;default&#8221; positioning=&#8221;relative&#8221; vertical_offset=&#8221;50px&#8221; z_index=&#8221;1&#8243; height=&#8221;60px&#8221; custom_padding=&#8221;|||80px|false|false&#8221;][\/et_pb_image][et_pb_text _builder_version=&#8221;4.9.4&#8243; _module_preset=&#8221;default&#8221; text_text_color=&#8221;#FFFFFF&#8221; background_color=&#8221;#B98B64&#8243; custom_padding=&#8221;30px|20px|20px|20px|false|false&#8221;]<\/p>\n<p>People called Charles-Fr\u00e9d\u00e9ric Brun \u2018The Deserter\u2019. Can you think of any nicknames or spe-cial names that have been given to people you know?<\/p>\n<p>[\/et_pb_text][\/et_pb_column][\/et_pb_row][\/et_pb_section]<\/p>\n","protected":false},"excerpt":{"rendered":"<p>\u201cBrun is busy painting (paintering, as he says) using watercolours\u2026he sucks the paintbrush and dabs the colour tablets, he tries out the colour on the palm of his left hand, he mixes it around if necessary and goes on to apply it to the paper.\u201dJEAN GIONOLe D\u00e9serteur \u00a9 Gallimard\u00a0Natives referred to him as \u2018The Deserter\u2019, [&hellip;]<\/p>\n","protected":false},"author":2,"featured_media":0,"parent":0,"menu_order":0,"comment_status":"closed","ping_status":"closed","template":"","meta":{"_et_pb_use_builder":"on","_et_pb_old_content":"","_et_gb_content_width":"","footnotes":""},"class_list":["post-852","page","type-page","status-publish","hentry"],"yoast_head":"<!-- This site is optimized with the Yoast SEO plugin v27.3 - https:\/\/yoast.com\/product\/yoast-seo-wordpress\/ -->\n<title>Sentier D\u00e9serteur - Le sentier historique<\/title>\n<meta name=\"description\" content=\"Brun is busy painting using watercolours\u2026he sucks the paintbrush and dabs the colour tablets, he tries out the colour on the palm of his left hand\" \/>\n<meta name=\"robots\" content=\"index, follow, max-snippet:-1, max-image-preview:large, max-video-preview:-1\" \/>\n<link rel=\"canonical\" href=\"https:\/\/sentier-deserteur.ch\/en\/p05\/\" \/>\n<meta property=\"og:locale\" content=\"en_US\" \/>\n<meta property=\"og:type\" content=\"article\" \/>\n<meta property=\"og:title\" content=\"Sentier D\u00e9serteur - Le sentier historique\" \/>\n<meta property=\"og:description\" content=\"Brun is busy painting using watercolours\u2026he sucks the paintbrush and dabs the colour tablets, he tries out the colour on the palm of his left hand\" \/>\n<meta property=\"og:url\" content=\"https:\/\/sentier-deserteur.ch\/en\/p05\/\" \/>\n<meta property=\"og:site_name\" content=\"Sentier D\u00e9serteur\" \/>\n<meta property=\"article:modified_time\" content=\"2021-06-11T07:22:09+00:00\" \/>\n<meta property=\"og:image\" content=\"https:\/\/sentier-deserteur.ch\/wp-content\/uploads\/2021\/06\/icone1.png\" \/>\n<meta name=\"twitter:card\" content=\"summary_large_image\" \/>\n<meta name=\"twitter:label1\" content=\"Est. reading time\" \/>\n\t<meta name=\"twitter:data1\" content=\"6 minutes\" \/>\n<script type=\"application\/ld+json\" class=\"yoast-schema-graph\">{\"@context\":\"https:\\\/\\\/schema.org\",\"@graph\":[{\"@type\":\"WebPage\",\"@id\":\"https:\\\/\\\/sentier-deserteur.ch\\\/en\\\/p05\\\/\",\"url\":\"https:\\\/\\\/sentier-deserteur.ch\\\/en\\\/p05\\\/\",\"name\":\"Sentier D\u00e9serteur - Le sentier historique\",\"isPartOf\":{\"@id\":\"https:\\\/\\\/sentier-deserteur.ch\\\/#website\"},\"primaryImageOfPage\":{\"@id\":\"https:\\\/\\\/sentier-deserteur.ch\\\/en\\\/p05\\\/#primaryimage\"},\"image\":{\"@id\":\"https:\\\/\\\/sentier-deserteur.ch\\\/en\\\/p05\\\/#primaryimage\"},\"thumbnailUrl\":\"https:\\\/\\\/sentier-deserteur.ch\\\/wp-content\\\/uploads\\\/2021\\\/06\\\/icone1.png\",\"datePublished\":\"2021-06-10T08:34:57+00:00\",\"dateModified\":\"2021-06-11T07:22:09+00:00\",\"description\":\"Brun is busy painting using watercolours\u2026he sucks the paintbrush and dabs the colour tablets, he tries out the colour on the palm of his left hand\",\"breadcrumb\":{\"@id\":\"https:\\\/\\\/sentier-deserteur.ch\\\/en\\\/p05\\\/#breadcrumb\"},\"inLanguage\":\"en-US\",\"potentialAction\":[{\"@type\":\"ReadAction\",\"target\":[\"https:\\\/\\\/sentier-deserteur.ch\\\/en\\\/p05\\\/\"]}]},{\"@type\":\"ImageObject\",\"inLanguage\":\"en-US\",\"@id\":\"https:\\\/\\\/sentier-deserteur.ch\\\/en\\\/p05\\\/#primaryimage\",\"url\":\"https:\\\/\\\/sentier-deserteur.ch\\\/wp-content\\\/uploads\\\/2021\\\/06\\\/icone1.png\",\"contentUrl\":\"https:\\\/\\\/sentier-deserteur.ch\\\/wp-content\\\/uploads\\\/2021\\\/06\\\/icone1.png\"},{\"@type\":\"BreadcrumbList\",\"@id\":\"https:\\\/\\\/sentier-deserteur.ch\\\/en\\\/p05\\\/#breadcrumb\",\"itemListElement\":[{\"@type\":\"ListItem\",\"position\":1,\"name\":\"Accueil\",\"item\":\"https:\\\/\\\/sentier-deserteur.ch\\\/en\\\/\"},{\"@type\":\"ListItem\",\"position\":2,\"name\":\"P05\"}]},{\"@type\":\"WebSite\",\"@id\":\"https:\\\/\\\/sentier-deserteur.ch\\\/#website\",\"url\":\"https:\\\/\\\/sentier-deserteur.ch\\\/\",\"name\":\"Sentier D\u00e9serteur\",\"description\":\"Sur les pas du D\u00e9serteur\",\"publisher\":{\"@id\":\"https:\\\/\\\/sentier-deserteur.ch\\\/#organization\"},\"potentialAction\":[{\"@type\":\"SearchAction\",\"target\":{\"@type\":\"EntryPoint\",\"urlTemplate\":\"https:\\\/\\\/sentier-deserteur.ch\\\/?s={search_term_string}\"},\"query-input\":{\"@type\":\"PropertyValueSpecification\",\"valueRequired\":true,\"valueName\":\"search_term_string\"}}],\"inLanguage\":\"en-US\"},{\"@type\":\"Organization\",\"@id\":\"https:\\\/\\\/sentier-deserteur.ch\\\/#organization\",\"name\":\"Le Sentier du D\u00e9serteur\",\"url\":\"https:\\\/\\\/sentier-deserteur.ch\\\/\",\"logo\":{\"@type\":\"ImageObject\",\"inLanguage\":\"en-US\",\"@id\":\"https:\\\/\\\/sentier-deserteur.ch\\\/#\\\/schema\\\/logo\\\/image\\\/\",\"url\":\"https:\\\/\\\/sentier-deserteur.ch\\\/wp-content\\\/uploads\\\/2021\\\/06\\\/logo-sent-desert.png\",\"contentUrl\":\"https:\\\/\\\/sentier-deserteur.ch\\\/wp-content\\\/uploads\\\/2021\\\/06\\\/logo-sent-desert.png\",\"width\":512,\"height\":512,\"caption\":\"Le Sentier du D\u00e9serteur\"},\"image\":{\"@id\":\"https:\\\/\\\/sentier-deserteur.ch\\\/#\\\/schema\\\/logo\\\/image\\\/\"}}]}<\/script>\n<!-- \/ Yoast SEO plugin. -->","yoast_head_json":{"title":"Sentier D\u00e9serteur - Le sentier historique","description":"Brun is busy painting using watercolours\u2026he sucks the paintbrush and dabs the colour tablets, he tries out the colour on the palm of his left hand","robots":{"index":"index","follow":"follow","max-snippet":"max-snippet:-1","max-image-preview":"max-image-preview:large","max-video-preview":"max-video-preview:-1"},"canonical":"https:\/\/sentier-deserteur.ch\/en\/p05\/","og_locale":"en_US","og_type":"article","og_title":"Sentier D\u00e9serteur - Le sentier historique","og_description":"Brun is busy painting using watercolours\u2026he sucks the paintbrush and dabs the colour tablets, he tries out the colour on the palm of his left hand","og_url":"https:\/\/sentier-deserteur.ch\/en\/p05\/","og_site_name":"Sentier D\u00e9serteur","article_modified_time":"2021-06-11T07:22:09+00:00","og_image":[{"url":"https:\/\/sentier-deserteur.ch\/wp-content\/uploads\/2021\/06\/icone1.png","type":"","width":"","height":""}],"twitter_card":"summary_large_image","twitter_misc":{"Est. reading time":"6 minutes"},"schema":{"@context":"https:\/\/schema.org","@graph":[{"@type":"WebPage","@id":"https:\/\/sentier-deserteur.ch\/en\/p05\/","url":"https:\/\/sentier-deserteur.ch\/en\/p05\/","name":"Sentier D\u00e9serteur - Le sentier historique","isPartOf":{"@id":"https:\/\/sentier-deserteur.ch\/#website"},"primaryImageOfPage":{"@id":"https:\/\/sentier-deserteur.ch\/en\/p05\/#primaryimage"},"image":{"@id":"https:\/\/sentier-deserteur.ch\/en\/p05\/#primaryimage"},"thumbnailUrl":"https:\/\/sentier-deserteur.ch\/wp-content\/uploads\/2021\/06\/icone1.png","datePublished":"2021-06-10T08:34:57+00:00","dateModified":"2021-06-11T07:22:09+00:00","description":"Brun is busy painting using watercolours\u2026he sucks the paintbrush and dabs the colour tablets, he tries out the colour on the palm of his left hand","breadcrumb":{"@id":"https:\/\/sentier-deserteur.ch\/en\/p05\/#breadcrumb"},"inLanguage":"en-US","potentialAction":[{"@type":"ReadAction","target":["https:\/\/sentier-deserteur.ch\/en\/p05\/"]}]},{"@type":"ImageObject","inLanguage":"en-US","@id":"https:\/\/sentier-deserteur.ch\/en\/p05\/#primaryimage","url":"https:\/\/sentier-deserteur.ch\/wp-content\/uploads\/2021\/06\/icone1.png","contentUrl":"https:\/\/sentier-deserteur.ch\/wp-content\/uploads\/2021\/06\/icone1.png"},{"@type":"BreadcrumbList","@id":"https:\/\/sentier-deserteur.ch\/en\/p05\/#breadcrumb","itemListElement":[{"@type":"ListItem","position":1,"name":"Accueil","item":"https:\/\/sentier-deserteur.ch\/en\/"},{"@type":"ListItem","position":2,"name":"P05"}]},{"@type":"WebSite","@id":"https:\/\/sentier-deserteur.ch\/#website","url":"https:\/\/sentier-deserteur.ch\/","name":"Sentier D\u00e9serteur","description":"Sur les pas du D\u00e9serteur","publisher":{"@id":"https:\/\/sentier-deserteur.ch\/#organization"},"potentialAction":[{"@type":"SearchAction","target":{"@type":"EntryPoint","urlTemplate":"https:\/\/sentier-deserteur.ch\/?s={search_term_string}"},"query-input":{"@type":"PropertyValueSpecification","valueRequired":true,"valueName":"search_term_string"}}],"inLanguage":"en-US"},{"@type":"Organization","@id":"https:\/\/sentier-deserteur.ch\/#organization","name":"Le Sentier du D\u00e9serteur","url":"https:\/\/sentier-deserteur.ch\/","logo":{"@type":"ImageObject","inLanguage":"en-US","@id":"https:\/\/sentier-deserteur.ch\/#\/schema\/logo\/image\/","url":"https:\/\/sentier-deserteur.ch\/wp-content\/uploads\/2021\/06\/logo-sent-desert.png","contentUrl":"https:\/\/sentier-deserteur.ch\/wp-content\/uploads\/2021\/06\/logo-sent-desert.png","width":512,"height":512,"caption":"Le Sentier du D\u00e9serteur"},"image":{"@id":"https:\/\/sentier-deserteur.ch\/#\/schema\/logo\/image\/"}}]}},"_links":{"self":[{"href":"https:\/\/sentier-deserteur.ch\/en\/wp-json\/wp\/v2\/pages\/852","targetHints":{"allow":["GET"]}}],"collection":[{"href":"https:\/\/sentier-deserteur.ch\/en\/wp-json\/wp\/v2\/pages"}],"about":[{"href":"https:\/\/sentier-deserteur.ch\/en\/wp-json\/wp\/v2\/types\/page"}],"author":[{"embeddable":true,"href":"https:\/\/sentier-deserteur.ch\/en\/wp-json\/wp\/v2\/users\/2"}],"replies":[{"embeddable":true,"href":"https:\/\/sentier-deserteur.ch\/en\/wp-json\/wp\/v2\/comments?post=852"}],"version-history":[{"count":5,"href":"https:\/\/sentier-deserteur.ch\/en\/wp-json\/wp\/v2\/pages\/852\/revisions"}],"predecessor-version":[{"id":1169,"href":"https:\/\/sentier-deserteur.ch\/en\/wp-json\/wp\/v2\/pages\/852\/revisions\/1169"}],"wp:attachment":[{"href":"https:\/\/sentier-deserteur.ch\/en\/wp-json\/wp\/v2\/media?parent=852"}],"curies":[{"name":"wp","href":"https:\/\/api.w.org\/{rel}","templated":true}]}}