{"id":950,"date":"2021-06-10T10:53:53","date_gmt":"2021-06-10T10:53:53","guid":{"rendered":"https:\/\/sentier-deserteur.ch\/p08\/"},"modified":"2021-06-11T07:31:12","modified_gmt":"2021-06-11T07:31:12","slug":"p08","status":"publish","type":"page","link":"https:\/\/sentier-deserteur.ch\/de\/p08\/","title":{"rendered":"P08"},"content":{"rendered":"<p>[et_pb_section fb_built=&#8220;1&#8243; disabled_on=&#8220;on|on|off&#8220; _builder_version=&#8220;4.9.4&#8243; _module_preset=&#8220;default&#8220; custom_padding=&#8220;||0px||false|false&#8220;][et_pb_row column_structure=&#8220;1_5,3_5,1_5&#8243; use_custom_gutter=&#8220;on&#8220; gutter_width=&#8220;2&#8243; _builder_version=&#8220;4.9.4&#8243; _module_preset=&#8220;default&#8220;][et_pb_column type=&#8220;1_5&#8243; _builder_version=&#8220;4.9.4&#8243; _module_preset=&#8220;default&#8220;][et_pb_image src=&#8220;https:\/\/sentier-deserteur.ch\/wp-content\/uploads\/2021\/06\/p-brown.png&#8220; alt=&#8220;fl\u00e8che pr\u00e9c\u00e9dent&#8220; title_text=&#8220;fl\u00e8che pr\u00e9c\u00e9dent&#8220; url=&#8220;@ET-DC@eyJkeW5hbWljIjp0cnVlLCJjb250ZW50IjoicG9zdF9saW5rX3VybF9wYWdlIiwic2V0dGluZ3MiOnsicG9zdF9pZCI6IjYxIn19@&#8220; align=&#8220;right&#8220; admin_label=&#8220;blanc&#8220; _builder_version=&#8220;4.9.4&#8243; _dynamic_attributes=&#8220;url&#8220; _module_preset=&#8220;default&#8220; width=&#8220;15%&#8220; custom_margin=&#8220;95%||||false|false&#8220;][\/et_pb_image][\/et_pb_column][et_pb_column type=&#8220;3_5&#8243; _builder_version=&#8220;4.9.4&#8243; _module_preset=&#8220;default&#8220;][et_pb_image src=&#8220;https:\/\/sentier-deserteur.ch\/wp-content\/uploads\/2021\/06\/007Fichier-11x.jpg&#8220; title_text=&#8220;007Fichier 11x&#8220; align=&#8220;center&#8220; _builder_version=&#8220;4.9.4&#8243; _module_preset=&#8220;default&#8220;][\/et_pb_image][\/et_pb_column][et_pb_column type=&#8220;1_5&#8243; _builder_version=&#8220;4.9.4&#8243; _module_preset=&#8220;default&#8220;][et_pb_image src=&#8220;https:\/\/sentier-deserteur.ch\/wp-content\/uploads\/2021\/06\/s-brown.png&#8220; alt=&#8220;fl\u00e8che suivant&#8220; title_text=&#8220;fl\u00e8che suivant&#8220; url=&#8220;@ET-DC@eyJkeW5hbWljIjp0cnVlLCJjb250ZW50IjoicG9zdF9saW5rX3VybF9wYWdlIiwic2V0dGluZ3MiOnsicG9zdF9pZCI6IjY3In19@&#8220; admin_label=&#8220;suivant&#8220; _builder_version=&#8220;4.9.4&#8243; _dynamic_attributes=&#8220;url&#8220; _module_preset=&#8220;default&#8220; width=&#8220;15%&#8220; custom_margin=&#8220;95%||||false|false&#8220;][\/et_pb_image][\/et_pb_column][\/et_pb_row][\/et_pb_section][et_pb_section fb_built=&#8220;1&#8243; disabled_on=&#8220;off|off|on&#8220; _builder_version=&#8220;4.9.4&#8243; _module_preset=&#8220;default&#8220; custom_padding=&#8220;||0px||false|false&#8220;][et_pb_row _builder_version=&#8220;4.9.4&#8243; _module_preset=&#8220;default&#8220; width=&#8220;100%&#8220; max_width=&#8220;100%&#8220; custom_padding=&#8220;0px||0px||false|false&#8220;][et_pb_column type=&#8220;4_4&#8243; _builder_version=&#8220;4.9.4&#8243; _module_preset=&#8220;default&#8220;][et_pb_image src=&#8220;https:\/\/sentier-deserteur.ch\/wp-content\/uploads\/2021\/06\/arrow_left.png&#8220; alt=&#8220;fl\u00e8che pr\u00e9c\u00e9dent&#8220; title_text=&#8220;arrow_left&#8220; url=&#8220;https:\/\/sentier-deserteur.ch\/de\/p07\/&#8220; admin_label=&#8220;pr\u00e9c\u00e9dent&#8220; module_class=&#8220;fleche&#8220; _builder_version=&#8220;4.9.4&#8243; _module_preset=&#8220;default&#8220; custom_margin=&#8220;20%||||false|false&#8220;][\/et_pb_image][et_pb_image src=&#8220;https:\/\/sentier-deserteur.ch\/wp-content\/uploads\/2021\/06\/007Fichier-11x.jpg&#8220; title_text=&#8220;007Fichier 11x&#8220; align=&#8220;center&#8220; module_class=&#8220;fleche&#8220; _builder_version=&#8220;4.9.4&#8243; _module_preset=&#8220;default&#8220; custom_padding=&#8220;0px||0px||false|false&#8220;][\/et_pb_image][et_pb_image src=&#8220;https:\/\/sentier-deserteur.ch\/wp-content\/uploads\/2021\/06\/arrow_right.png&#8220; alt=&#8220;fl\u00e8che suivant&#8220; title_text=&#8220;arrow_right&#8220; url=&#8220;https:\/\/sentier-deserteur.ch\/de\/p09\/&#8220; align=&#8220;right&#8220; admin_label=&#8220;suivant&#8220; module_class=&#8220;fleche&#8220; _builder_version=&#8220;4.9.4&#8243; _module_preset=&#8220;default&#8220; custom_margin=&#8220;20%||||false|false&#8220;][\/et_pb_image][\/et_pb_column][\/et_pb_row][\/et_pb_section][et_pb_section fb_built=&#8220;1&#8243; _builder_version=&#8220;4.9.4&#8243; _module_preset=&#8220;default&#8220; custom_padding=&#8220;0px||0px||false|false&#8220;][et_pb_row _builder_version=&#8220;4.9.4&#8243; _module_preset=&#8220;default&#8220;][et_pb_column type=&#8220;4_4&#8243; _builder_version=&#8220;4.9.4&#8243; _module_preset=&#8220;default&#8220;][et_pb_text _builder_version=&#8220;4.9.4&#8243; _module_preset=&#8220;default&#8220; hover_enabled=&#8220;0&#8243; sticky_enabled=&#8220;0&#8243;]<\/p>\n<p>\u201e&#8230; Und dieser Beruf ist wirklich ein sch\u00f6ner Beruf. Hier auf dem Brett, wo Charles-Fr\u00e9d\u00e9ric Brun seine Farben vorbereitet hat, sind h\u00fcbsche kleine Haufen himmelblauer Paste, dazu inkarniertes Rot, purpurrot, Zinkweiss, Gelb so rein wie Gold und Eidechsengr\u00fcn, und mit all dem wird er Marie-Jeanne malen.\u201c<\/p>\n<p>[\/et_pb_text][\/et_pb_column][\/et_pb_row][et_pb_row column_structure=&#8220;1_5,3_5,1_5&#8243; use_custom_gutter=&#8220;on&#8220; gutter_width=&#8220;1&#8243; _builder_version=&#8220;4.9.4&#8243; _module_preset=&#8220;default&#8220;][et_pb_column type=&#8220;1_5&#8243; _builder_version=&#8220;4.9.4&#8243; _module_preset=&#8220;default&#8220;][et_pb_divider divider_weight=&#8220;2px&#8220; _builder_version=&#8220;4.9.4&#8243; _module_preset=&#8220;default&#8220; width=&#8220;57%&#8220; width_tablet=&#8220;31%&#8220; width_phone=&#8220;60%&#8220; width_last_edited=&#8220;on|phone&#8220;][\/et_pb_divider][et_pb_text _builder_version=&#8220;4.9.4&#8243; _module_preset=&#8220;default&#8220; header_3_font=&#8220;|700|||||||&#8220; header_3_text_color=&#8220;#b98b64&#8243; header_3_font_size=&#8220;24px&#8220; header_4_text_color=&#8220;#b98b64&#8243; custom_padding=&#8220;||||false|false&#8220; border_color_top=&#8220;#b98b64&#8243;]<\/p>\n<h3>JEAN GIONO<\/h3>\n<p>[\/et_pb_text][\/et_pb_column][et_pb_column type=&#8220;3_5&#8243; _builder_version=&#8220;4.9.4&#8243; _module_preset=&#8220;default&#8220;][et_pb_text _builder_version=&#8220;4.9.4&#8243; _module_preset=&#8220;default&#8220; header_4_font=&#8220;|700|||||||&#8220; header_4_text_color=&#8220;#330d00&#8243; custom_padding=&#8220;27px||||false|false&#8220;]<\/p>\n<h4>Der Deserteur \u00a9 Gallimard<\/h4>\n<p>[\/et_pb_text][\/et_pb_column][et_pb_column type=&#8220;1_5&#8243; _builder_version=&#8220;4.9.4&#8243; _module_preset=&#8220;default&#8220;][\/et_pb_column][\/et_pb_row][et_pb_row column_structure=&#8220;1_2,1_2&#8243; _builder_version=&#8220;4.9.4&#8243; _module_preset=&#8220;default&#8220;][et_pb_column type=&#8220;1_2&#8243; _builder_version=&#8220;4.9.4&#8243; _module_preset=&#8220;default&#8220;][et_pb_text _builder_version=&#8220;4.9.4&#8243; _module_preset=&#8220;default&#8220;]<\/p>\n<p><img loading=\"lazy\" decoding=\"async\" class=\"alignnone size-full wp-image-238\" src=\"https:\/\/sentier-deserteur.ch\/wp-content\/uploads\/2021\/06\/icone1.png\" alt=\"\" width=\"28\" height=\"28\" \/>\u00a0Der erste, der die Geschichte des Deserteurs schrieb, war Jean-Pierre Michelet (1873-1948). Ein Jahr nach seinem Tod, 1949, wurde \u201eLe Livre du Souvenir\u201c (Das Buch der Erinnerung) ver\u00f6ffentlicht, in dem Charles-Fr\u00e9d\u00e9ric Brun sieben Seiten gewidmet sind. Jean Giono nahm unter anderem diesen Text als Ausgangspunkt, um seinen Roman \u201eDer Deserteur\u201c zu schreiben. \u201eEr komponierte Lieder, oder besser gesagt Kirchenlieder, deren ziemlich stimmige Strophen und Verse lange Zeit an den Winterabenden unter uns gesungen wurden. Leider gibt es, glaube ich, keine dieser Papiere mehr, von denen ich selber Exemplare gesehen habe und die auch \u201eDie Lieder des Deserteurs\u201c genannt wurden.\u201c<\/p>\n<p>[\/et_pb_text][\/et_pb_column][et_pb_column type=&#8220;1_2&#8243; _builder_version=&#8220;4.9.4&#8243; _module_preset=&#8220;default&#8220;][et_pb_image src=&#8220;https:\/\/sentier-deserteur.ch\/wp-content\/uploads\/2021\/06\/Fichier9@5x.png&#8220; title_text=&#8220;Fichier9@5x&#8220; align=&#8220;center&#8220; _builder_version=&#8220;4.9.4&#8243; _module_preset=&#8220;default&#8220; width=&#8220;30%&#8220; custom_margin=&#8220;||1px|||&#8220;][\/et_pb_image][et_pb_text _builder_version=&#8220;4.9.4&#8243; _module_preset=&#8220;default&#8220; text_font=&#8220;||on||||||&#8220; text_text_color=&#8220;#330D00&#8243; text_font_size=&#8220;13px&#8220; text_line_height=&#8220;1.3em&#8220; text_orientation=&#8220;center&#8220;]<\/p>\n<p><strong>Jean-Pierre Michelet<\/strong><br \/><strong>(1873-1948)<\/strong><\/p>\n<p>[\/et_pb_text][\/et_pb_column][\/et_pb_row][et_pb_row column_structure=&#8220;1_3,1_3,1_3&#8243; use_custom_gutter=&#8220;on&#8220; gutter_width=&#8220;1&#8243; _builder_version=&#8220;4.9.4&#8243; _module_preset=&#8220;default&#8220;][et_pb_column type=&#8220;1_3&#8243; _builder_version=&#8220;4.9.4&#8243; _module_preset=&#8220;default&#8220;][et_pb_divider divider_weight=&#8220;2px&#8220; _builder_version=&#8220;4.9.4&#8243; _module_preset=&#8220;default&#8220; width=&#8220;63%&#8220; width_tablet=&#8220;31%&#8220; width_phone=&#8220;60%&#8220; width_last_edited=&#8220;on|phone&#8220;][\/et_pb_divider][et_pb_text _builder_version=&#8220;4.9.4&#8243; _module_preset=&#8220;default&#8220; header_3_font=&#8220;|700|||||||&#8220; header_3_text_color=&#8220;#b98b64&#8243; header_3_font_size=&#8220;24px&#8220; header_4_text_color=&#8220;#b98b64&#8243; custom_padding=&#8220;||||false|false&#8220; border_color_top=&#8220;#b98b64&#8243;]<\/p>\n<h3>JEAN-PIERRE MICHELET<\/h3>\n<p>[\/et_pb_text][\/et_pb_column][et_pb_column type=&#8220;1_3&#8243; _builder_version=&#8220;4.9.4&#8243; _module_preset=&#8220;default&#8220;][et_pb_text _builder_version=&#8220;4.9.4&#8243; _module_preset=&#8220;default&#8220; header_4_font=&#8220;|700|||||||&#8220; header_4_text_color=&#8220;#330d00&#8243; custom_padding=&#8220;27px||||false|false&#8220;]<\/p>\n<h4>Le Livre du Souvenir, 1949, p. 50<\/h4>\n<p>[\/et_pb_text][\/et_pb_column][et_pb_column type=&#8220;1_3&#8243; _builder_version=&#8220;4.9.4&#8243; _module_preset=&#8220;default&#8220;][\/et_pb_column][\/et_pb_row][et_pb_row column_structure=&#8220;1_2,1_2&#8243; _builder_version=&#8220;4.9.4&#8243; _module_preset=&#8220;default&#8220;][et_pb_column type=&#8220;1_2&#8243; _builder_version=&#8220;4.9.4&#8243; _module_preset=&#8220;default&#8220;][et_pb_text _builder_version=&#8220;4.9.4&#8243; _module_preset=&#8220;default&#8220; custom_margin=&#8220;|-6px|50px|||&#8220;]<\/p>\n<p><strong>EIN BISSCHEN GENEALOGIE (Informationen von Paul Bourban)&lt;\/strong <\/strong><\/p>\n<p>Marie-Jeanne Bournissen (1813-1880) wurde in H\u00e9r\u00e9mence geboren und starb in Veysonnaz nach einem Sturz von einem Kirschbaum. 1835 heiratete sie Jean-L\u00e9ger Fragni\u00e8re, mit dem sie vier Kinder hatte. Marie-Jeanne Bournissen heiratete nach dem Tod ihres Mannes im Jahr 1853 erneut, und zwar Maurice-Joseph Fragni\u00e8re. Aus dieser zweiten Ehe gingen zwei Kinder hervor. F\u00fcr Giono war Marie- Jeanne die Frau des Gemeindepr\u00e4sidenten Fragni\u00e8re von Nendaz, er brachte jedoch die Familien von Veysonnaz und Nendaz durcheinander. Historischer Irrtum oder literarische Erfindung?<\/p>\n<p>[\/et_pb_text][et_pb_text _builder_version=&#8220;4.9.4&#8243; _module_preset=&#8220;default&#8220; custom_margin=&#8220;||50px|||&#8220;]<\/p>\n<p><img loading=\"lazy\" decoding=\"async\" class=\"alignnone size-full wp-image-241\" src=\"https:\/\/sentier-deserteur.ch\/wp-content\/uploads\/2021\/06\/icone2.png\" alt=\"\" width=\"29\" height=\"31\" \/>\u00a0Manchmal verliess er den religi\u00f6sen Bereich und malte das Portr\u00e4t eines Auftraggebers.<\/p>\n<p>[\/et_pb_text][et_pb_text _builder_version=&#8220;4.9.4&#8243; _module_preset=&#8220;default&#8220; text_text_color=&#8220;#330D00&#8243; custom_margin=&#8220;||-1px|||&#8220;]<\/p>\n<p><strong>DIALEKT<\/strong><br \/>Djyan P\u00e9ire Pero\u00eb \u00eere bon po cont\u00e2 \u00e9 c\u00f6nte.<\/p>\n<p>[\/et_pb_text][et_pb_text _builder_version=&#8220;4.9.4&#8243; _module_preset=&#8220;default&#8220; text_text_color=&#8220;#B98B64&#8243; custom_margin=&#8220;||50px|||&#8220;]<\/p>\n<p>Jean-Pierre de Pierre war ein guter Erz\u00e4hler.<\/p>\n<p>[\/et_pb_text][et_pb_text _builder_version=&#8220;4.9.4&#8243; _module_preset=&#8220;default&#8220;]<\/p>\n<p><img loading=\"lazy\" decoding=\"async\" class=\"alignnone size-full wp-image-244\" src=\"https:\/\/sentier-deserteur.ch\/wp-content\/uploads\/2021\/06\/icone3.png\" alt=\"\" width=\"31\" height=\"32\" \/>\u00a0Welche Farben konnte er selber zusammenstellen??<\/p>\n<p>[\/et_pb_text][\/et_pb_column][et_pb_column type=&#8220;1_2&#8243; _builder_version=&#8220;4.9.4&#8243; _module_preset=&#8220;default&#8220;][et_pb_image src=&#8220;https:\/\/sentier-deserteur.ch\/wp-content\/uploads\/2021\/06\/Fichier10@5x.png&#8220; title_text=&#8220;Fichier10@5x&#8220; align=&#8220;center&#8220; _builder_version=&#8220;4.9.4&#8243; _module_preset=&#8220;default&#8220; width=&#8220;50%&#8220; custom_margin=&#8220;||0px|||&#8220;][\/et_pb_image][et_pb_text _builder_version=&#8220;4.9.4&#8243; _module_preset=&#8220;default&#8220; text_text_color=&#8220;#330D00&#8243; text_font_size=&#8220;13px&#8220; text_line_height=&#8220;1.3em&#8220; text_orientation=&#8220;center&#8220;]<\/p>\n<p><strong>MARIE JEANNE BOURNISSAY,<\/strong><br \/>\n<strong>FRAU VON LEGIER FRAGNIER<\/strong><br \/>\n<strong>geboren 1812, verheiratet 1830. C.F.B.<\/strong><br \/>\n33,5 x 22,5 cm<\/p>\n<p>[\/et_pb_text][\/et_pb_column][\/et_pb_row][et_pb_row _builder_version=&#8220;4.9.4&#8243; _module_preset=&#8220;default&#8220; custom_padding=&#8220;||0px|||&#8220;][et_pb_column type=&#8220;4_4&#8243; _builder_version=&#8220;4.9.4&#8243; _module_preset=&#8220;default&#8220;][et_pb_image src=&#8220;https:\/\/sentier-deserteur.ch\/wp-content\/uploads\/2021\/06\/Fichier3@10x.png&#8220; title_text=&#8220;Fichier3@10x&#8220; _builder_version=&#8220;4.9.4&#8243; _module_preset=&#8220;default&#8220; positioning=&#8220;relative&#8220; vertical_offset=&#8220;50px&#8220; z_index=&#8220;1&#8243; height=&#8220;60px&#8220; custom_padding=&#8220;|||80px|false|false&#8220;][\/et_pb_image][et_pb_text _builder_version=&#8220;4.9.4&#8243; _module_preset=&#8220;default&#8220; text_text_color=&#8220;#FFFFFF&#8220; background_color=&#8220;#B98B64&#8243; custom_padding=&#8220;30px|20px|20px|20px|false|false&#8220;]<\/p>\n<p>Kannst Du einen Blauton nennen, wie zum Beispiel Himmelblau? Und Schattierungen von Rot, Gr\u00fcn und Gelb?<\/p>\n<p>[\/et_pb_text][\/et_pb_column][\/et_pb_row][\/et_pb_section]<\/p>\n","protected":false},"excerpt":{"rendered":"<p>\u201e&#8230; Und dieser Beruf ist wirklich ein sch\u00f6ner Beruf. Hier auf dem Brett, wo Charles-Fr\u00e9d\u00e9ric Brun seine Farben vorbereitet hat, sind h\u00fcbsche kleine Haufen himmelblauer Paste, dazu inkarniertes Rot, purpurrot, Zinkweiss, Gelb so rein wie Gold und Eidechsengr\u00fcn, und mit all dem wird er Marie-Jeanne malen.\u201cJEAN GIONODer Deserteur \u00a9 Gallimard\u00a0Der erste, der die Geschichte des [&hellip;]<\/p>\n","protected":false},"author":2,"featured_media":0,"parent":0,"menu_order":0,"comment_status":"closed","ping_status":"closed","template":"","meta":{"_et_pb_use_builder":"on","_et_pb_old_content":"","_et_gb_content_width":"","footnotes":""},"class_list":["post-950","page","type-page","status-publish","hentry"],"yoast_head":"<!-- This site is optimized with the Yoast SEO plugin v27.3 - https:\/\/yoast.com\/product\/yoast-seo-wordpress\/ -->\n<title>Sentier D\u00e9serteur - Le sentier historique<\/title>\n<meta name=\"description\" content=\"Hier auf dem Brett, wo Charles-Fr\u00e9d\u00e9ric Brun seine Farben vorbereitet hat, sind h\u00fcbsche kleine Haufen himmelblauer Paste, dazu inkarniertes Rot, purpurrot, Zinkweiss\" \/>\n<meta name=\"robots\" content=\"index, follow, max-snippet:-1, max-image-preview:large, max-video-preview:-1\" \/>\n<link rel=\"canonical\" href=\"https:\/\/sentier-deserteur.ch\/de\/p08\/\" \/>\n<meta property=\"og:locale\" content=\"de_DE\" \/>\n<meta property=\"og:type\" content=\"article\" \/>\n<meta property=\"og:title\" content=\"Sentier D\u00e9serteur - Le sentier historique\" \/>\n<meta property=\"og:description\" content=\"Hier auf dem Brett, wo Charles-Fr\u00e9d\u00e9ric Brun seine Farben vorbereitet hat, sind h\u00fcbsche kleine Haufen himmelblauer Paste, dazu inkarniertes Rot, purpurrot, Zinkweiss\" \/>\n<meta property=\"og:url\" content=\"https:\/\/sentier-deserteur.ch\/de\/p08\/\" \/>\n<meta property=\"og:site_name\" content=\"Sentier D\u00e9serteur\" \/>\n<meta property=\"article:modified_time\" content=\"2021-06-11T07:31:12+00:00\" \/>\n<meta property=\"og:image\" content=\"https:\/\/sentier-deserteur.ch\/wp-content\/uploads\/2021\/06\/icone1.png\" \/>\n<meta name=\"twitter:card\" content=\"summary_large_image\" \/>\n<meta name=\"twitter:label1\" content=\"Gesch\u00e4tzte Lesezeit\" \/>\n\t<meta name=\"twitter:data1\" content=\"7\u00a0Minuten\" \/>\n<script type=\"application\/ld+json\" class=\"yoast-schema-graph\">{\"@context\":\"https:\\\/\\\/schema.org\",\"@graph\":[{\"@type\":\"WebPage\",\"@id\":\"https:\\\/\\\/sentier-deserteur.ch\\\/de\\\/p08\\\/\",\"url\":\"https:\\\/\\\/sentier-deserteur.ch\\\/de\\\/p08\\\/\",\"name\":\"Sentier D\u00e9serteur - Le sentier historique\",\"isPartOf\":{\"@id\":\"https:\\\/\\\/sentier-deserteur.ch\\\/#website\"},\"primaryImageOfPage\":{\"@id\":\"https:\\\/\\\/sentier-deserteur.ch\\\/de\\\/p08\\\/#primaryimage\"},\"image\":{\"@id\":\"https:\\\/\\\/sentier-deserteur.ch\\\/de\\\/p08\\\/#primaryimage\"},\"thumbnailUrl\":\"https:\\\/\\\/sentier-deserteur.ch\\\/wp-content\\\/uploads\\\/2021\\\/06\\\/icone1.png\",\"datePublished\":\"2021-06-10T10:53:53+00:00\",\"dateModified\":\"2021-06-11T07:31:12+00:00\",\"description\":\"Hier auf dem Brett, wo Charles-Fr\u00e9d\u00e9ric Brun seine Farben vorbereitet hat, sind h\u00fcbsche kleine Haufen himmelblauer Paste, dazu inkarniertes Rot, purpurrot, Zinkweiss\",\"breadcrumb\":{\"@id\":\"https:\\\/\\\/sentier-deserteur.ch\\\/de\\\/p08\\\/#breadcrumb\"},\"inLanguage\":\"de\",\"potentialAction\":[{\"@type\":\"ReadAction\",\"target\":[\"https:\\\/\\\/sentier-deserteur.ch\\\/de\\\/p08\\\/\"]}]},{\"@type\":\"ImageObject\",\"inLanguage\":\"de\",\"@id\":\"https:\\\/\\\/sentier-deserteur.ch\\\/de\\\/p08\\\/#primaryimage\",\"url\":\"https:\\\/\\\/sentier-deserteur.ch\\\/wp-content\\\/uploads\\\/2021\\\/06\\\/icone1.png\",\"contentUrl\":\"https:\\\/\\\/sentier-deserteur.ch\\\/wp-content\\\/uploads\\\/2021\\\/06\\\/icone1.png\"},{\"@type\":\"BreadcrumbList\",\"@id\":\"https:\\\/\\\/sentier-deserteur.ch\\\/de\\\/p08\\\/#breadcrumb\",\"itemListElement\":[{\"@type\":\"ListItem\",\"position\":1,\"name\":\"Accueil\",\"item\":\"https:\\\/\\\/sentier-deserteur.ch\\\/de\\\/\"},{\"@type\":\"ListItem\",\"position\":2,\"name\":\"P08\"}]},{\"@type\":\"WebSite\",\"@id\":\"https:\\\/\\\/sentier-deserteur.ch\\\/#website\",\"url\":\"https:\\\/\\\/sentier-deserteur.ch\\\/\",\"name\":\"Sentier D\u00e9serteur\",\"description\":\"Sur les pas du D\u00e9serteur\",\"publisher\":{\"@id\":\"https:\\\/\\\/sentier-deserteur.ch\\\/#organization\"},\"potentialAction\":[{\"@type\":\"SearchAction\",\"target\":{\"@type\":\"EntryPoint\",\"urlTemplate\":\"https:\\\/\\\/sentier-deserteur.ch\\\/?s={search_term_string}\"},\"query-input\":{\"@type\":\"PropertyValueSpecification\",\"valueRequired\":true,\"valueName\":\"search_term_string\"}}],\"inLanguage\":\"de\"},{\"@type\":\"Organization\",\"@id\":\"https:\\\/\\\/sentier-deserteur.ch\\\/#organization\",\"name\":\"Le Sentier du D\u00e9serteur\",\"url\":\"https:\\\/\\\/sentier-deserteur.ch\\\/\",\"logo\":{\"@type\":\"ImageObject\",\"inLanguage\":\"de\",\"@id\":\"https:\\\/\\\/sentier-deserteur.ch\\\/#\\\/schema\\\/logo\\\/image\\\/\",\"url\":\"https:\\\/\\\/sentier-deserteur.ch\\\/wp-content\\\/uploads\\\/2021\\\/06\\\/logo-sent-desert.png\",\"contentUrl\":\"https:\\\/\\\/sentier-deserteur.ch\\\/wp-content\\\/uploads\\\/2021\\\/06\\\/logo-sent-desert.png\",\"width\":512,\"height\":512,\"caption\":\"Le Sentier du D\u00e9serteur\"},\"image\":{\"@id\":\"https:\\\/\\\/sentier-deserteur.ch\\\/#\\\/schema\\\/logo\\\/image\\\/\"}}]}<\/script>\n<!-- \/ Yoast SEO plugin. -->","yoast_head_json":{"title":"Sentier D\u00e9serteur - Le sentier historique","description":"Hier auf dem Brett, wo Charles-Fr\u00e9d\u00e9ric Brun seine Farben vorbereitet hat, sind h\u00fcbsche kleine Haufen himmelblauer Paste, dazu inkarniertes Rot, purpurrot, Zinkweiss","robots":{"index":"index","follow":"follow","max-snippet":"max-snippet:-1","max-image-preview":"max-image-preview:large","max-video-preview":"max-video-preview:-1"},"canonical":"https:\/\/sentier-deserteur.ch\/de\/p08\/","og_locale":"de_DE","og_type":"article","og_title":"Sentier D\u00e9serteur - Le sentier historique","og_description":"Hier auf dem Brett, wo Charles-Fr\u00e9d\u00e9ric Brun seine Farben vorbereitet hat, sind h\u00fcbsche kleine Haufen himmelblauer Paste, dazu inkarniertes Rot, purpurrot, Zinkweiss","og_url":"https:\/\/sentier-deserteur.ch\/de\/p08\/","og_site_name":"Sentier D\u00e9serteur","article_modified_time":"2021-06-11T07:31:12+00:00","og_image":[{"url":"https:\/\/sentier-deserteur.ch\/wp-content\/uploads\/2021\/06\/icone1.png","type":"","width":"","height":""}],"twitter_card":"summary_large_image","twitter_misc":{"Gesch\u00e4tzte Lesezeit":"7\u00a0Minuten"},"schema":{"@context":"https:\/\/schema.org","@graph":[{"@type":"WebPage","@id":"https:\/\/sentier-deserteur.ch\/de\/p08\/","url":"https:\/\/sentier-deserteur.ch\/de\/p08\/","name":"Sentier D\u00e9serteur - Le sentier historique","isPartOf":{"@id":"https:\/\/sentier-deserteur.ch\/#website"},"primaryImageOfPage":{"@id":"https:\/\/sentier-deserteur.ch\/de\/p08\/#primaryimage"},"image":{"@id":"https:\/\/sentier-deserteur.ch\/de\/p08\/#primaryimage"},"thumbnailUrl":"https:\/\/sentier-deserteur.ch\/wp-content\/uploads\/2021\/06\/icone1.png","datePublished":"2021-06-10T10:53:53+00:00","dateModified":"2021-06-11T07:31:12+00:00","description":"Hier auf dem Brett, wo Charles-Fr\u00e9d\u00e9ric Brun seine Farben vorbereitet hat, sind h\u00fcbsche kleine Haufen himmelblauer Paste, dazu inkarniertes Rot, purpurrot, Zinkweiss","breadcrumb":{"@id":"https:\/\/sentier-deserteur.ch\/de\/p08\/#breadcrumb"},"inLanguage":"de","potentialAction":[{"@type":"ReadAction","target":["https:\/\/sentier-deserteur.ch\/de\/p08\/"]}]},{"@type":"ImageObject","inLanguage":"de","@id":"https:\/\/sentier-deserteur.ch\/de\/p08\/#primaryimage","url":"https:\/\/sentier-deserteur.ch\/wp-content\/uploads\/2021\/06\/icone1.png","contentUrl":"https:\/\/sentier-deserteur.ch\/wp-content\/uploads\/2021\/06\/icone1.png"},{"@type":"BreadcrumbList","@id":"https:\/\/sentier-deserteur.ch\/de\/p08\/#breadcrumb","itemListElement":[{"@type":"ListItem","position":1,"name":"Accueil","item":"https:\/\/sentier-deserteur.ch\/de\/"},{"@type":"ListItem","position":2,"name":"P08"}]},{"@type":"WebSite","@id":"https:\/\/sentier-deserteur.ch\/#website","url":"https:\/\/sentier-deserteur.ch\/","name":"Sentier D\u00e9serteur","description":"Sur les pas du D\u00e9serteur","publisher":{"@id":"https:\/\/sentier-deserteur.ch\/#organization"},"potentialAction":[{"@type":"SearchAction","target":{"@type":"EntryPoint","urlTemplate":"https:\/\/sentier-deserteur.ch\/?s={search_term_string}"},"query-input":{"@type":"PropertyValueSpecification","valueRequired":true,"valueName":"search_term_string"}}],"inLanguage":"de"},{"@type":"Organization","@id":"https:\/\/sentier-deserteur.ch\/#organization","name":"Le Sentier du D\u00e9serteur","url":"https:\/\/sentier-deserteur.ch\/","logo":{"@type":"ImageObject","inLanguage":"de","@id":"https:\/\/sentier-deserteur.ch\/#\/schema\/logo\/image\/","url":"https:\/\/sentier-deserteur.ch\/wp-content\/uploads\/2021\/06\/logo-sent-desert.png","contentUrl":"https:\/\/sentier-deserteur.ch\/wp-content\/uploads\/2021\/06\/logo-sent-desert.png","width":512,"height":512,"caption":"Le Sentier du D\u00e9serteur"},"image":{"@id":"https:\/\/sentier-deserteur.ch\/#\/schema\/logo\/image\/"}}]}},"_links":{"self":[{"href":"https:\/\/sentier-deserteur.ch\/de\/wp-json\/wp\/v2\/pages\/950","targetHints":{"allow":["GET"]}}],"collection":[{"href":"https:\/\/sentier-deserteur.ch\/de\/wp-json\/wp\/v2\/pages"}],"about":[{"href":"https:\/\/sentier-deserteur.ch\/de\/wp-json\/wp\/v2\/types\/page"}],"author":[{"embeddable":true,"href":"https:\/\/sentier-deserteur.ch\/de\/wp-json\/wp\/v2\/users\/2"}],"replies":[{"embeddable":true,"href":"https:\/\/sentier-deserteur.ch\/de\/wp-json\/wp\/v2\/comments?post=950"}],"version-history":[{"count":5,"href":"https:\/\/sentier-deserteur.ch\/de\/wp-json\/wp\/v2\/pages\/950\/revisions"}],"predecessor-version":[{"id":1187,"href":"https:\/\/sentier-deserteur.ch\/de\/wp-json\/wp\/v2\/pages\/950\/revisions\/1187"}],"wp:attachment":[{"href":"https:\/\/sentier-deserteur.ch\/de\/wp-json\/wp\/v2\/media?parent=950"}],"curies":[{"name":"wp","href":"https:\/\/api.w.org\/{rel}","templated":true}]}}