{"id":909,"date":"2021-06-10T10:33:12","date_gmt":"2021-06-10T10:33:12","guid":{"rendered":"https:\/\/sentier-deserteur.ch\/p02\/"},"modified":"2021-06-11T07:04:53","modified_gmt":"2021-06-11T07:04:53","slug":"p02","status":"publish","type":"page","link":"https:\/\/sentier-deserteur.ch\/de\/p02\/","title":{"rendered":"P02"},"content":{"rendered":"<p>[et_pb_section fb_built=&#8220;1&#8243; disabled_on=&#8220;on|on|off&#8220; _builder_version=&#8220;4.9.4&#8243; _module_preset=&#8220;default&#8220; custom_padding=&#8220;||0px||false|false&#8220;][et_pb_row column_structure=&#8220;1_5,3_5,1_5&#8243; use_custom_gutter=&#8220;on&#8220; gutter_width=&#8220;2&#8243; _builder_version=&#8220;4.9.4&#8243; _module_preset=&#8220;default&#8220;][et_pb_column type=&#8220;1_5&#8243; _builder_version=&#8220;4.9.4&#8243; _module_preset=&#8220;default&#8220;][et_pb_image src=&#8220;https:\/\/sentier-deserteur.ch\/wp-content\/uploads\/2021\/06\/p-brown.png&#8220; alt=&#8220;fl\u00e8che pr\u00e9c\u00e9dent&#8220; title_text=&#8220;fl\u00e8che pr\u00e9c\u00e9dent&#8220; url=&#8220;https:\/\/sentier-deserteur.ch\/de\/p01\/&#8220; align=&#8220;right&#8220; admin_label=&#8220;blanc&#8220; _builder_version=&#8220;4.9.4&#8243; _module_preset=&#8220;default&#8220; width=&#8220;15%&#8220; custom_margin=&#8220;95%||||false|false&#8220;][\/et_pb_image][\/et_pb_column][et_pb_column type=&#8220;3_5&#8243; _builder_version=&#8220;4.9.4&#8243; _module_preset=&#8220;default&#8220;][et_pb_image src=&#8220;https:\/\/sentier-deserteur.ch\/wp-content\/uploads\/2021\/06\/page02.jpg&#8220; title_text=&#8220;page02&#8243; align=&#8220;center&#8220; _builder_version=&#8220;4.9.4&#8243; _module_preset=&#8220;default&#8220;][\/et_pb_image][\/et_pb_column][et_pb_column type=&#8220;1_5&#8243; _builder_version=&#8220;4.9.4&#8243; _module_preset=&#8220;default&#8220;][et_pb_image src=&#8220;https:\/\/sentier-deserteur.ch\/wp-content\/uploads\/2021\/06\/s-brown.png&#8220; alt=&#8220;fl\u00e8che suivant&#8220; title_text=&#8220;fl\u00e8che suivant&#8220; url=&#8220;https:\/\/sentier-deserteur.ch\/de\/p03\/&#8220; admin_label=&#8220;suivant&#8220; _builder_version=&#8220;4.9.4&#8243; _module_preset=&#8220;default&#8220; width=&#8220;15%&#8220; custom_margin=&#8220;95%||||false|false&#8220;][\/et_pb_image][\/et_pb_column][\/et_pb_row][\/et_pb_section][et_pb_section fb_built=&#8220;1&#8243; disabled_on=&#8220;off|off|on&#8220; _builder_version=&#8220;4.9.4&#8243; _module_preset=&#8220;default&#8220; custom_padding=&#8220;||0px||false|false&#8220;][et_pb_row _builder_version=&#8220;4.9.4&#8243; _module_preset=&#8220;default&#8220; width=&#8220;100%&#8220; max_width=&#8220;100%&#8220; custom_padding=&#8220;0px||0px||false|false&#8220;][et_pb_column type=&#8220;4_4&#8243; _builder_version=&#8220;4.9.4&#8243; _module_preset=&#8220;default&#8220;][et_pb_image src=&#8220;https:\/\/sentier-deserteur.ch\/wp-content\/uploads\/2021\/06\/arrow_left.png&#8220; alt=&#8220;fl\u00e8che pr\u00e9c\u00e9dent&#8220; title_text=&#8220;arrow_left&#8220; url=&#8220;https:\/\/sentier-deserteur.ch\/de\/p01\/&#8220; admin_label=&#8220;pr\u00e9c\u00e9dent&#8220; module_class=&#8220;fleche&#8220; _builder_version=&#8220;4.9.4&#8243; _module_preset=&#8220;default&#8220; custom_margin=&#8220;19.9%||||false|false&#8220;][\/et_pb_image][et_pb_image src=&#8220;https:\/\/sentier-deserteur.ch\/wp-content\/uploads\/2021\/06\/page02.jpg&#8220; title_text=&#8220;page02&#8243; align=&#8220;center&#8220; module_class=&#8220;fleche&#8220; _builder_version=&#8220;4.9.4&#8243; _module_preset=&#8220;default&#8220; custom_padding=&#8220;0px||0px||false|false&#8220;][\/et_pb_image][et_pb_image src=&#8220;https:\/\/sentier-deserteur.ch\/wp-content\/uploads\/2021\/06\/arrow_right.png&#8220; alt=&#8220;fl\u00e8che suivant&#8220; title_text=&#8220;arrow_right&#8220; url=&#8220;https:\/\/sentier-deserteur.ch\/de\/p03\/&#8220; align=&#8220;right&#8220; admin_label=&#8220;suivant&#8220; module_class=&#8220;fleche&#8220; _builder_version=&#8220;4.9.4&#8243; _module_preset=&#8220;default&#8220; custom_margin=&#8220;20%||||false|false&#8220;][\/et_pb_image][\/et_pb_column][\/et_pb_row][\/et_pb_section][et_pb_section fb_built=&#8220;1&#8243; _builder_version=&#8220;4.9.4&#8243; _module_preset=&#8220;default&#8220; custom_padding=&#8220;0px||0px||false|false&#8220;][et_pb_row _builder_version=&#8220;4.9.4&#8243; _module_preset=&#8220;default&#8220;][et_pb_column type=&#8220;4_4&#8243; _builder_version=&#8220;4.9.4&#8243; _module_preset=&#8220;default&#8220;][et_pb_text _builder_version=&#8220;4.9.4&#8243; _module_preset=&#8220;default&#8220; hover_enabled=&#8220;0&#8243; sticky_enabled=&#8220;0&#8243;]<\/p>\n<p>\u201eEs kommt eine Zeit, in der derjenige, der sich versteckt, den Bedarf hat, sich zu zeigen, der-jenige, der flieht, sich stellen will, derjenige, der schweigt, pl\u00f6tzlich spricht, derjenige, der sich f\u00fcrchtet, sich seinen \u00c4ngsten konfrontiert, f\u00fcr den Deserteur war diese Zeit gekommen\u201c<\/p>\n<p>[\/et_pb_text][\/et_pb_column][\/et_pb_row][et_pb_row column_structure=&#8220;1_5,3_5,1_5&#8243; use_custom_gutter=&#8220;on&#8220; gutter_width=&#8220;1&#8243; _builder_version=&#8220;4.9.4&#8243; _module_preset=&#8220;default&#8220;][et_pb_column type=&#8220;1_5&#8243; _builder_version=&#8220;4.9.4&#8243; _module_preset=&#8220;default&#8220;][et_pb_divider divider_weight=&#8220;2px&#8220; _builder_version=&#8220;4.9.4&#8243; _module_preset=&#8220;default&#8220; width=&#8220;57%&#8220; width_tablet=&#8220;24%&#8220; width_phone=&#8220;46%&#8220; width_last_edited=&#8220;on|phone&#8220;][\/et_pb_divider][et_pb_text _builder_version=&#8220;4.9.4&#8243; _module_preset=&#8220;default&#8220; header_3_font=&#8220;|700|||||||&#8220; header_3_text_color=&#8220;#b98b64&#8243; header_3_font_size=&#8220;24px&#8220; header_4_text_color=&#8220;#b98b64&#8243; custom_padding=&#8220;||||false|false&#8220; border_color_top=&#8220;#b98b64&#8243;]<\/p>\n<h3>JEAN GIONO<\/h3>\n<p>[\/et_pb_text][\/et_pb_column][et_pb_column type=&#8220;3_5&#8243; _builder_version=&#8220;4.9.4&#8243; _module_preset=&#8220;default&#8220;][et_pb_text _builder_version=&#8220;4.9.4&#8243; _module_preset=&#8220;default&#8220; header_4_font=&#8220;|700|||||||&#8220; header_4_text_color=&#8220;#330d00&#8243; custom_padding=&#8220;27px||||false|false&#8220;]<\/p>\n<h4>Der Deserteur &copy; Gallimard<\/h4>\n<p>[\/et_pb_text][\/et_pb_column][et_pb_column type=&#8220;1_5&#8243; _builder_version=&#8220;4.9.4&#8243; _module_preset=&#8220;default&#8220;][\/et_pb_column][\/et_pb_row][et_pb_row _builder_version=&#8220;4.9.4&#8243; _module_preset=&#8220;default&#8220;][et_pb_column type=&#8220;4_4&#8243; _builder_version=&#8220;4.9.4&#8243; _module_preset=&#8220;default&#8220;][et_pb_text _builder_version=&#8220;4.9.4&#8243; _module_preset=&#8220;default&#8220;]<\/p>\n<p><img loading=\"lazy\" decoding=\"async\" class=\"alignnone size-full wp-image-238\" src=\"https:\/\/sentier-deserteur.ch\/wp-content\/uploads\/2021\/06\/icone1.png\" alt=\"\" width=\"28\" height=\"28\" \/>\u00a0Dieser Mann mit seinem geheimnisvollen Leben und seinen bezaubernden Kunstwerken er-f\u00e4hrt ein einzigartiges Schicksal! Die meisten seiner Werke tragen als Signatur drei Initialen in Grossbuchstaben: CFB. Ein paar seltene Bilder verraten uns mehr: Dort steht \u201eCharles-Fr\u00e9d\u00e9ric Brun\u201c, aber dieser Vor- und Nachname ist bis heute in keinem offiziellen Register zu finden. Es ist nichts zu finden, weder \u00fcber den Ort und das Datum seiner Geburt, noch \u00fcber seine Ausbildung oder \u00fcber die Umst\u00e4nde oder Gr\u00fcnde f\u00fcr seine Ankunft im Dorf Le Tr\u00e9tien (Wallis) im Herbst 1843. Diese Grauzonen haben ihm den Namen eingebracht, der ihn heute ber\u00fchmt macht: Der Deserteur!<\/p>\n<p>[\/et_pb_text][\/et_pb_column][\/et_pb_row][et_pb_row column_structure=&#8220;2_5,3_5&#8243; _builder_version=&#8220;4.9.4&#8243; _module_preset=&#8220;default&#8220;][et_pb_column type=&#8220;2_5&#8243; _builder_version=&#8220;4.9.4&#8243; _module_preset=&#8220;default&#8220;][et_pb_text _builder_version=&#8220;4.9.4&#8243; _module_preset=&#8220;default&#8220; custom_margin=&#8220;||100px|||&#8220; custom_margin_tablet=&#8220;||10px||false|false&#8220; custom_margin_phone=&#8220;||20px||false|false&#8220; custom_margin_last_edited=&#8220;on|tablet&#8220;]<\/p>\n<p><img loading=\"lazy\" decoding=\"async\" class=\"alignnone size-full wp-image-241\" src=\"https:\/\/sentier-deserteur.ch\/wp-content\/uploads\/2021\/06\/icone2.png\" alt=\"\" width=\"29\" height=\"31\" \/>\u00a0Im K\u00e4stchen unten rechts die drei Buchstaben, die Signatur formen:<br \/>C.F.B., steht f\u00fcr Charles-Fr\u00e9d\u00e9ric Brun.<\/p>\n<p>[\/et_pb_text][et_pb_text _builder_version=&#8220;4.9.4&#8243; _module_preset=&#8220;default&#8220; text_text_color=&#8220;#330D00&#8243; custom_margin=&#8220;||100px|||&#8220; custom_margin_tablet=&#8220;||10px||false|false&#8220; custom_margin_phone=&#8220;||20px||false|false&#8220; custom_margin_last_edited=&#8220;on|tablet&#8220;]<\/p>\n<p><strong>DIALEKT.<\/strong><br \/>Cha\u00f6 p\u00e2 m\u00e9i \u00e2voue me tap\u00ee.<\/p>\n<p>[\/et_pb_text][et_pb_text _builder_version=&#8220;4.9.4&#8243; _module_preset=&#8220;default&#8220; text_text_color=&#8220;#B98B64&#8243; custom_margin=&#8220;||100px|||&#8220; custom_margin_tablet=&#8220;||10px||false|false&#8220; custom_margin_phone=&#8220;||20px||false|false&#8220; custom_margin_last_edited=&#8220;on|tablet&#8220;]<\/p>\n<p>Ich wusste nicht mehr wohin, wie der Deserteur, der sich vor den Gendarmen versteckt.<\/p>\n<p>[\/et_pb_text][et_pb_text _builder_version=&#8220;4.9.4&#8243; _module_preset=&#8220;default&#8220;]<\/p>\n<p><img loading=\"lazy\" decoding=\"async\" class=\"alignnone size-full wp-image-244\" src=\"https:\/\/sentier-deserteur.ch\/wp-content\/uploads\/2021\/06\/icone3.png\" alt=\"\" width=\"31\" height=\"32\" \/> Wo in Nendaz konnte sich der Deserteur gezeigt haben?<\/p>\n<p>[\/et_pb_text][\/et_pb_column][et_pb_column type=&#8220;3_5&#8243; _builder_version=&#8220;4.9.4&#8243; _module_preset=&#8220;default&#8220;][et_pb_image src=&#8220;https:\/\/sentier-deserteur.ch\/wp-content\/uploads\/2021\/06\/Fichier1@5x.png&#8220; title_text=&#8220;Fichier1@5x&#8220; _builder_version=&#8220;4.9.4&#8243; _module_preset=&#8220;default&#8220; width=&#8220;60%&#8220; module_alignment=&#8220;center&#8220; custom_margin=&#8220;||1px|||&#8220;][\/et_pb_image][et_pb_text _builder_version=&#8220;4.9.4&#8243; _module_preset=&#8220;default&#8220; text_text_color=&#8220;#330D00&#8243; text_orientation=&#8220;center&#8220; module_alignment=&#8220;left&#8220;]<\/p>\n<p><strong><em><span style=\"font-size: 14px;\">HL. JOSEF. HL. JOHANNES. C.F.B.<\/span><\/em><\/strong><br \/><em><span style=\"font-size: 14px;\">34 x 23 cm. \u00a9 Robert Hofer, Sitten<\/span><\/em><\/p>\n<p>[\/et_pb_text][\/et_pb_column][\/et_pb_row][et_pb_row _builder_version=&#8220;4.9.4&#8243; _module_preset=&#8220;default&#8220; custom_padding=&#8220;0px||0px|||&#8220; locked=&#8220;off&#8220;][et_pb_column type=&#8220;4_4&#8243; _builder_version=&#8220;4.9.4&#8243; _module_preset=&#8220;default&#8220;][et_pb_image src=&#8220;https:\/\/sentier-deserteur.ch\/wp-content\/uploads\/2021\/06\/Fichier3@10x.png&#8220; title_text=&#8220;Fichier3@10x&#8220; _builder_version=&#8220;4.9.4&#8243; _module_preset=&#8220;default&#8220; positioning=&#8220;relative&#8220; vertical_offset=&#8220;50px&#8220; z_index=&#8220;1&#8243; height=&#8220;60px&#8220; custom_padding=&#8220;|||80px|false|false&#8220;][\/et_pb_image][et_pb_text _builder_version=&#8220;4.9.4&#8243; _module_preset=&#8220;default&#8220; text_text_color=&#8220;#FFFFFF&#8220; background_color=&#8220;#B98B64&#8243; custom_padding=&#8220;30px|20px|20px|20px|false|false&#8220;]<\/p>\n<p>Wie signierst du deine Zeichnungen? Mit deinem Vornamen, deinen Initialen, deinem ganzen Namen? Ist deine Signatur lesbar oder ist sie ein stilvolles Gekritzel?<\/p>\n<p>[\/et_pb_text][\/et_pb_column][\/et_pb_row][\/et_pb_section]<\/p>\n","protected":false},"excerpt":{"rendered":"<p>\u201eEs kommt eine Zeit, in der derjenige, der sich versteckt, den Bedarf hat, sich zu zeigen, der-jenige, der flieht, sich stellen will, derjenige, der schweigt, pl\u00f6tzlich spricht, derjenige, der sich f\u00fcrchtet, sich seinen \u00c4ngsten konfrontiert, f\u00fcr den Deserteur war diese Zeit gekommen\u201cJEAN GIONODer Deserteur &copy; Gallimard\u00a0Dieser Mann mit seinem geheimnisvollen Leben und seinen bezaubernden Kunstwerken [&hellip;]<\/p>\n","protected":false},"author":2,"featured_media":0,"parent":0,"menu_order":0,"comment_status":"closed","ping_status":"closed","template":"","meta":{"_et_pb_use_builder":"on","_et_pb_old_content":"","_et_gb_content_width":"","footnotes":""},"class_list":["post-909","page","type-page","status-publish","hentry"],"yoast_head":"<!-- This site is optimized with the Yoast SEO plugin v27.2 - https:\/\/yoast.com\/product\/yoast-seo-wordpress\/ -->\n<title>Sentier D\u00e9serteur - Le sentier historique<\/title>\n<meta name=\"description\" content=\"Es kommt eine Zeit, in der derjenige, der sich versteckt, den Bedarf hat, sich zu zeigen, der-jenige, der flieht, sich stellen will, derjenige, der schweigt, pl\u00f6tzlich spricht, derjenige, der sich f\u00fcrchtet, sich seinen \u00c4ngsten konfrontiert, f\u00fcr den Deserteur war diese Zeit gekommen\" \/>\n<meta name=\"robots\" content=\"index, follow, max-snippet:-1, max-image-preview:large, max-video-preview:-1\" \/>\n<link rel=\"canonical\" href=\"https:\/\/sentier-deserteur.ch\/de\/p02\/\" \/>\n<meta property=\"og:locale\" content=\"de_DE\" \/>\n<meta property=\"og:type\" content=\"article\" \/>\n<meta property=\"og:title\" content=\"Sentier D\u00e9serteur - Le sentier historique\" \/>\n<meta property=\"og:description\" content=\"Es kommt eine Zeit, in der derjenige, der sich versteckt, den Bedarf hat, sich zu zeigen, der-jenige, der flieht, sich stellen will, derjenige, der schweigt, pl\u00f6tzlich spricht, derjenige, der sich f\u00fcrchtet, sich seinen \u00c4ngsten konfrontiert, f\u00fcr den Deserteur war diese Zeit gekommen\" \/>\n<meta property=\"og:url\" content=\"https:\/\/sentier-deserteur.ch\/de\/p02\/\" \/>\n<meta property=\"og:site_name\" content=\"Sentier D\u00e9serteur\" \/>\n<meta property=\"article:modified_time\" content=\"2021-06-11T07:04:53+00:00\" \/>\n<meta property=\"og:image\" content=\"https:\/\/sentier-deserteur.ch\/wp-content\/uploads\/2021\/06\/icone1.png\" \/>\n<meta name=\"twitter:card\" content=\"summary_large_image\" \/>\n<meta name=\"twitter:label1\" content=\"Gesch\u00e4tzte Lesezeit\" \/>\n\t<meta name=\"twitter:data1\" content=\"6\u00a0Minuten\" \/>\n<script type=\"application\/ld+json\" class=\"yoast-schema-graph\">{\"@context\":\"https:\/\/schema.org\",\"@graph\":[{\"@type\":\"WebPage\",\"@id\":\"https:\/\/sentier-deserteur.ch\/de\/p02\/\",\"url\":\"https:\/\/sentier-deserteur.ch\/de\/p02\/\",\"name\":\"Sentier D\u00e9serteur - Le sentier historique\",\"isPartOf\":{\"@id\":\"https:\/\/sentier-deserteur.ch\/#website\"},\"primaryImageOfPage\":{\"@id\":\"https:\/\/sentier-deserteur.ch\/de\/p02\/#primaryimage\"},\"image\":{\"@id\":\"https:\/\/sentier-deserteur.ch\/de\/p02\/#primaryimage\"},\"thumbnailUrl\":\"https:\/\/sentier-deserteur.ch\/wp-content\/uploads\/2021\/06\/icone1.png\",\"datePublished\":\"2021-06-10T10:33:12+00:00\",\"dateModified\":\"2021-06-11T07:04:53+00:00\",\"description\":\"Es kommt eine Zeit, in der derjenige, der sich versteckt, den Bedarf hat, sich zu zeigen, der-jenige, der flieht, sich stellen will, derjenige, der schweigt, pl\u00f6tzlich spricht, derjenige, der sich f\u00fcrchtet, sich seinen \u00c4ngsten konfrontiert, f\u00fcr den Deserteur war diese Zeit gekommen\",\"breadcrumb\":{\"@id\":\"https:\/\/sentier-deserteur.ch\/de\/p02\/#breadcrumb\"},\"inLanguage\":\"de\",\"potentialAction\":[{\"@type\":\"ReadAction\",\"target\":[\"https:\/\/sentier-deserteur.ch\/de\/p02\/\"]}]},{\"@type\":\"ImageObject\",\"inLanguage\":\"de\",\"@id\":\"https:\/\/sentier-deserteur.ch\/de\/p02\/#primaryimage\",\"url\":\"https:\/\/sentier-deserteur.ch\/wp-content\/uploads\/2021\/06\/icone1.png\",\"contentUrl\":\"https:\/\/sentier-deserteur.ch\/wp-content\/uploads\/2021\/06\/icone1.png\"},{\"@type\":\"BreadcrumbList\",\"@id\":\"https:\/\/sentier-deserteur.ch\/de\/p02\/#breadcrumb\",\"itemListElement\":[{\"@type\":\"ListItem\",\"position\":1,\"name\":\"Accueil\",\"item\":\"https:\/\/sentier-deserteur.ch\/de\/\"},{\"@type\":\"ListItem\",\"position\":2,\"name\":\"P02\"}]},{\"@type\":\"WebSite\",\"@id\":\"https:\/\/sentier-deserteur.ch\/#website\",\"url\":\"https:\/\/sentier-deserteur.ch\/\",\"name\":\"Sentier D\u00e9serteur\",\"description\":\"Sur les pas du D\u00e9serteur\",\"publisher\":{\"@id\":\"https:\/\/sentier-deserteur.ch\/#organization\"},\"potentialAction\":[{\"@type\":\"SearchAction\",\"target\":{\"@type\":\"EntryPoint\",\"urlTemplate\":\"https:\/\/sentier-deserteur.ch\/?s={search_term_string}\"},\"query-input\":{\"@type\":\"PropertyValueSpecification\",\"valueRequired\":true,\"valueName\":\"search_term_string\"}}],\"inLanguage\":\"de\"},{\"@type\":\"Organization\",\"@id\":\"https:\/\/sentier-deserteur.ch\/#organization\",\"name\":\"Le Sentier du D\u00e9serteur\",\"url\":\"https:\/\/sentier-deserteur.ch\/\",\"logo\":{\"@type\":\"ImageObject\",\"inLanguage\":\"de\",\"@id\":\"https:\/\/sentier-deserteur.ch\/#\/schema\/logo\/image\/\",\"url\":\"https:\/\/sentier-deserteur.ch\/wp-content\/uploads\/2021\/06\/logo-sent-desert.png\",\"contentUrl\":\"https:\/\/sentier-deserteur.ch\/wp-content\/uploads\/2021\/06\/logo-sent-desert.png\",\"width\":512,\"height\":512,\"caption\":\"Le Sentier du D\u00e9serteur\"},\"image\":{\"@id\":\"https:\/\/sentier-deserteur.ch\/#\/schema\/logo\/image\/\"}}]}<\/script>\n<!-- \/ Yoast SEO plugin. -->","yoast_head_json":{"title":"Sentier D\u00e9serteur - Le sentier historique","description":"Es kommt eine Zeit, in der derjenige, der sich versteckt, den Bedarf hat, sich zu zeigen, der-jenige, der flieht, sich stellen will, derjenige, der schweigt, pl\u00f6tzlich spricht, derjenige, der sich f\u00fcrchtet, sich seinen \u00c4ngsten konfrontiert, f\u00fcr den Deserteur war diese Zeit gekommen","robots":{"index":"index","follow":"follow","max-snippet":"max-snippet:-1","max-image-preview":"max-image-preview:large","max-video-preview":"max-video-preview:-1"},"canonical":"https:\/\/sentier-deserteur.ch\/de\/p02\/","og_locale":"de_DE","og_type":"article","og_title":"Sentier D\u00e9serteur - Le sentier historique","og_description":"Es kommt eine Zeit, in der derjenige, der sich versteckt, den Bedarf hat, sich zu zeigen, der-jenige, der flieht, sich stellen will, derjenige, der schweigt, pl\u00f6tzlich spricht, derjenige, der sich f\u00fcrchtet, sich seinen \u00c4ngsten konfrontiert, f\u00fcr den Deserteur war diese Zeit gekommen","og_url":"https:\/\/sentier-deserteur.ch\/de\/p02\/","og_site_name":"Sentier D\u00e9serteur","article_modified_time":"2021-06-11T07:04:53+00:00","og_image":[{"url":"https:\/\/sentier-deserteur.ch\/wp-content\/uploads\/2021\/06\/icone1.png","type":"","width":"","height":""}],"twitter_card":"summary_large_image","twitter_misc":{"Gesch\u00e4tzte Lesezeit":"6\u00a0Minuten"},"schema":{"@context":"https:\/\/schema.org","@graph":[{"@type":"WebPage","@id":"https:\/\/sentier-deserteur.ch\/de\/p02\/","url":"https:\/\/sentier-deserteur.ch\/de\/p02\/","name":"Sentier D\u00e9serteur - Le sentier historique","isPartOf":{"@id":"https:\/\/sentier-deserteur.ch\/#website"},"primaryImageOfPage":{"@id":"https:\/\/sentier-deserteur.ch\/de\/p02\/#primaryimage"},"image":{"@id":"https:\/\/sentier-deserteur.ch\/de\/p02\/#primaryimage"},"thumbnailUrl":"https:\/\/sentier-deserteur.ch\/wp-content\/uploads\/2021\/06\/icone1.png","datePublished":"2021-06-10T10:33:12+00:00","dateModified":"2021-06-11T07:04:53+00:00","description":"Es kommt eine Zeit, in der derjenige, der sich versteckt, den Bedarf hat, sich zu zeigen, der-jenige, der flieht, sich stellen will, derjenige, der schweigt, pl\u00f6tzlich spricht, derjenige, der sich f\u00fcrchtet, sich seinen \u00c4ngsten konfrontiert, f\u00fcr den Deserteur war diese Zeit gekommen","breadcrumb":{"@id":"https:\/\/sentier-deserteur.ch\/de\/p02\/#breadcrumb"},"inLanguage":"de","potentialAction":[{"@type":"ReadAction","target":["https:\/\/sentier-deserteur.ch\/de\/p02\/"]}]},{"@type":"ImageObject","inLanguage":"de","@id":"https:\/\/sentier-deserteur.ch\/de\/p02\/#primaryimage","url":"https:\/\/sentier-deserteur.ch\/wp-content\/uploads\/2021\/06\/icone1.png","contentUrl":"https:\/\/sentier-deserteur.ch\/wp-content\/uploads\/2021\/06\/icone1.png"},{"@type":"BreadcrumbList","@id":"https:\/\/sentier-deserteur.ch\/de\/p02\/#breadcrumb","itemListElement":[{"@type":"ListItem","position":1,"name":"Accueil","item":"https:\/\/sentier-deserteur.ch\/de\/"},{"@type":"ListItem","position":2,"name":"P02"}]},{"@type":"WebSite","@id":"https:\/\/sentier-deserteur.ch\/#website","url":"https:\/\/sentier-deserteur.ch\/","name":"Sentier D\u00e9serteur","description":"Sur les pas du D\u00e9serteur","publisher":{"@id":"https:\/\/sentier-deserteur.ch\/#organization"},"potentialAction":[{"@type":"SearchAction","target":{"@type":"EntryPoint","urlTemplate":"https:\/\/sentier-deserteur.ch\/?s={search_term_string}"},"query-input":{"@type":"PropertyValueSpecification","valueRequired":true,"valueName":"search_term_string"}}],"inLanguage":"de"},{"@type":"Organization","@id":"https:\/\/sentier-deserteur.ch\/#organization","name":"Le Sentier du D\u00e9serteur","url":"https:\/\/sentier-deserteur.ch\/","logo":{"@type":"ImageObject","inLanguage":"de","@id":"https:\/\/sentier-deserteur.ch\/#\/schema\/logo\/image\/","url":"https:\/\/sentier-deserteur.ch\/wp-content\/uploads\/2021\/06\/logo-sent-desert.png","contentUrl":"https:\/\/sentier-deserteur.ch\/wp-content\/uploads\/2021\/06\/logo-sent-desert.png","width":512,"height":512,"caption":"Le Sentier du D\u00e9serteur"},"image":{"@id":"https:\/\/sentier-deserteur.ch\/#\/schema\/logo\/image\/"}}]}},"_links":{"self":[{"href":"https:\/\/sentier-deserteur.ch\/de\/wp-json\/wp\/v2\/pages\/909","targetHints":{"allow":["GET"]}}],"collection":[{"href":"https:\/\/sentier-deserteur.ch\/de\/wp-json\/wp\/v2\/pages"}],"about":[{"href":"https:\/\/sentier-deserteur.ch\/de\/wp-json\/wp\/v2\/types\/page"}],"author":[{"embeddable":true,"href":"https:\/\/sentier-deserteur.ch\/de\/wp-json\/wp\/v2\/users\/2"}],"replies":[{"embeddable":true,"href":"https:\/\/sentier-deserteur.ch\/de\/wp-json\/wp\/v2\/comments?post=909"}],"version-history":[{"count":5,"href":"https:\/\/sentier-deserteur.ch\/de\/wp-json\/wp\/v2\/pages\/909\/revisions"}],"predecessor-version":[{"id":1149,"href":"https:\/\/sentier-deserteur.ch\/de\/wp-json\/wp\/v2\/pages\/909\/revisions\/1149"}],"wp:attachment":[{"href":"https:\/\/sentier-deserteur.ch\/de\/wp-json\/wp\/v2\/media?parent=909"}],"curies":[{"name":"wp","href":"https:\/\/api.w.org\/{rel}","templated":true}]}}