{"id":1002,"date":"2021-06-10T11:36:51","date_gmt":"2021-06-10T11:36:51","guid":{"rendered":"https:\/\/sentier-deserteur.ch\/p17\/"},"modified":"2021-06-11T10:17:34","modified_gmt":"2021-06-11T10:17:34","slug":"p17","status":"publish","type":"page","link":"https:\/\/sentier-deserteur.ch\/de\/p17\/","title":{"rendered":"P17"},"content":{"rendered":"<p>[et_pb_section fb_built=&#8220;1&#8243; disabled_on=&#8220;on|on|off&#8220; _builder_version=&#8220;4.9.4&#8243; _module_preset=&#8220;default&#8220; custom_padding=&#8220;||0px|||&#8220;][et_pb_row column_structure=&#8220;1_5,3_5,1_5&#8243; use_custom_gutter=&#8220;on&#8220; gutter_width=&#8220;2&#8243; _builder_version=&#8220;4.9.4&#8243; _module_preset=&#8220;default&#8220;][et_pb_column type=&#8220;1_5&#8243; _builder_version=&#8220;4.9.4&#8243; _module_preset=&#8220;default&#8220;][et_pb_image src=&#8220;https:\/\/sentier-deserteur.ch\/wp-content\/uploads\/2021\/06\/p-brown.png&#8220; alt=&#8220;fl\u00e8che pr\u00e9c\u00e9dent&#8220; title_text=&#8220;fl\u00e8che pr\u00e9c\u00e9dent&#8220; url=&#8220;https:\/\/sentier-deserteur.ch\/de\/p16\/&#8220; align=&#8220;right&#8220; admin_label=&#8220;blanc&#8220; _builder_version=&#8220;4.9.4&#8243; _module_preset=&#8220;default&#8220; width=&#8220;15%&#8220; custom_margin=&#8220;95%||||false|false&#8220;][\/et_pb_image][\/et_pb_column][et_pb_column type=&#8220;3_5&#8243; _builder_version=&#8220;4.9.4&#8243; _module_preset=&#8220;default&#8220;][et_pb_image src=&#8220;https:\/\/sentier-deserteur.ch\/wp-content\/uploads\/2021\/06\/1Fichier-11x.jpg&#8220; title_text=&#8220;1Fichier 11x&#8220; align=&#8220;center&#8220; _builder_version=&#8220;4.9.4&#8243; _module_preset=&#8220;default&#8220;][\/et_pb_image][\/et_pb_column][et_pb_column type=&#8220;1_5&#8243; _builder_version=&#8220;4.9.4&#8243; _module_preset=&#8220;default&#8220;][et_pb_image src=&#8220;https:\/\/sentier-deserteur.ch\/wp-content\/uploads\/2021\/06\/2Fichier-10@0.5x-Copie-1.png&#8220; alt=&#8220;fl\u00e8che suivant&#8220; title_text=&#8220;2Fichier 10@0.5x &#8211; Copie&#8220; admin_label=&#8220;suivant&#8220; _builder_version=&#8220;4.9.4&#8243; _module_preset=&#8220;default&#8220; width=&#8220;15%&#8220; custom_margin=&#8220;95%||||false|false&#8220;][\/et_pb_image][\/et_pb_column][\/et_pb_row][\/et_pb_section][et_pb_section fb_built=&#8220;1&#8243; disabled_on=&#8220;off|off|on&#8220; _builder_version=&#8220;4.9.4&#8243; _module_preset=&#8220;default&#8220; custom_padding=&#8220;||0px||false|false&#8220;][et_pb_row _builder_version=&#8220;4.9.4&#8243; _module_preset=&#8220;default&#8220; width=&#8220;100%&#8220; max_width=&#8220;100%&#8220; custom_padding=&#8220;0px||0px||false|false&#8220;][et_pb_column type=&#8220;4_4&#8243; _builder_version=&#8220;4.9.4&#8243; _module_preset=&#8220;default&#8220;][et_pb_image src=&#8220;https:\/\/sentier-deserteur.ch\/wp-content\/uploads\/2021\/06\/arrow_left.png&#8220; alt=&#8220;fl\u00e8che pr\u00e9c\u00e9dent&#8220; title_text=&#8220;arrow_left&#8220; url=&#8220;https:\/\/sentier-deserteur.ch\/de\/p16\/&#8220; admin_label=&#8220;pr\u00e9c\u00e9dent&#8220; module_class=&#8220;fleche&#8220; _builder_version=&#8220;4.9.4&#8243; _module_preset=&#8220;default&#8220; custom_margin=&#8220;20%||||false|false&#8220;][\/et_pb_image][et_pb_image src=&#8220;https:\/\/sentier-deserteur.ch\/wp-content\/uploads\/2021\/06\/1Fichier-11x.jpg&#8220; title_text=&#8220;1Fichier 11x&#8220; align=&#8220;center&#8220; module_class=&#8220;fleche&#8220; _builder_version=&#8220;4.9.4&#8243; _module_preset=&#8220;default&#8220; custom_padding=&#8220;0px||0px||false|false&#8220;][\/et_pb_image][et_pb_image src=&#8220;https:\/\/sentier-deserteur.ch\/wp-content\/uploads\/2021\/06\/2Fichier-10@0.5x-Copie-1.png&#8220; alt=&#8220;fl\u00e8che suivant&#8220; title_text=&#8220;2Fichier 10@0.5x &#8211; Copie&#8220; url=&#8220;https:\/\/sentier-deserteur.ch\/de\/p03\/&#8220; align=&#8220;right&#8220; admin_label=&#8220;suivant&#8220; module_class=&#8220;fleche&#8220; _builder_version=&#8220;4.9.4&#8243; _module_preset=&#8220;default&#8220; custom_margin=&#8220;20%||||false|false&#8220;][\/et_pb_image][\/et_pb_column][\/et_pb_row][\/et_pb_section][et_pb_section fb_built=&#8220;1&#8243; _builder_version=&#8220;4.9.4&#8243; _module_preset=&#8220;default&#8220; custom_padding=&#8220;0px||0px||false|false&#8220;][et_pb_row _builder_version=&#8220;4.9.4&#8243; _module_preset=&#8220;default&#8220;][et_pb_column type=&#8220;4_4&#8243; _builder_version=&#8220;4.9.4&#8243; _module_preset=&#8220;default&#8220;][et_pb_text _builder_version=&#8220;4.9.4&#8243; _module_preset=&#8220;default&#8220;]<\/p>\n<p>\u201eDer Deserteur sagt, sein Name sei Charles-Fr\u00e9d\u00e9ric Brun.<\/p>\n<p>Es tut gut, seinen Namen jemandem mitzuteilen, dem man vertraut: Einen Namen zu haben, ist ein Beweis daf\u00fcr, dass man existiert. Charles- Fr\u00e9d\u00e9ric Brun, Franzose\u201c.<\/p>\n<p>[\/et_pb_text][\/et_pb_column][\/et_pb_row][et_pb_row column_structure=&#8220;1_5,3_5,1_5&#8243; use_custom_gutter=&#8220;on&#8220; gutter_width=&#8220;1&#8243; _builder_version=&#8220;4.9.4&#8243; _module_preset=&#8220;default&#8220;][et_pb_column type=&#8220;1_5&#8243; _builder_version=&#8220;4.9.4&#8243; _module_preset=&#8220;default&#8220;][et_pb_divider divider_weight=&#8220;2px&#8220; _builder_version=&#8220;4.9.4&#8243; _module_preset=&#8220;default&#8220; width=&#8220;74%&#8220; width_tablet=&#8220;31%&#8220; width_phone=&#8220;60%&#8220; width_last_edited=&#8220;on|phone&#8220;][\/et_pb_divider][et_pb_text _builder_version=&#8220;4.9.4&#8243; _module_preset=&#8220;default&#8220; header_3_font=&#8220;|700|||||||&#8220; header_3_text_color=&#8220;#b98b64&#8243; header_3_font_size=&#8220;24px&#8220; header_4_text_color=&#8220;#b98b64&#8243; custom_padding=&#8220;||||false|false&#8220; border_color_top=&#8220;#b98b64&#8243;]<\/p>\n<h3>JEAN GIONO<\/h3>\n<p>[\/et_pb_text][\/et_pb_column][et_pb_column type=&#8220;3_5&#8243; _builder_version=&#8220;4.9.4&#8243; _module_preset=&#8220;default&#8220;][et_pb_text _builder_version=&#8220;4.9.4&#8243; _module_preset=&#8220;default&#8220; header_4_font=&#8220;|700|||||||&#8220; header_4_text_color=&#8220;#330d00&#8243; custom_padding=&#8220;27px||||false|false&#8220;]<\/p>\n<h4>Der Deserteur &copy; Gallimard<\/h4>\n<p>[\/et_pb_text][\/et_pb_column][et_pb_column type=&#8220;1_5&#8243; _builder_version=&#8220;4.9.4&#8243; _module_preset=&#8220;default&#8220;][\/et_pb_column][\/et_pb_row][et_pb_row _builder_version=&#8220;4.9.4&#8243; _module_preset=&#8220;default&#8220;][et_pb_column type=&#8220;4_4&#8243; _builder_version=&#8220;4.9.4&#8243; _module_preset=&#8220;default&#8220;][et_pb_image src=&#8220;https:\/\/sentier-deserteur.ch\/wp-content\/uploads\/2021\/06\/1Fichier.jpg&#8220; title_text=&#8220;1Fichier&#8220; show_bottom_space=&#8220;off&#8220; align=&#8220;center&#8220; _builder_version=&#8220;4.9.4&#8243; _module_preset=&#8220;default&#8220;][\/et_pb_image][et_pb_text _builder_version=&#8220;4.9.4&#8243; _module_preset=&#8220;default&#8220; text_font=&#8220;||on||||||&#8220; text_text_color=&#8220;#330D00&#8243; text_font_size=&#8220;14px&#8220; text_line_height=&#8220;1.3em&#8220; text_orientation=&#8220;center&#8220;]<\/p>\n<p><strong>S. Caspar. S. Melchior. S. Balthasar.<\/strong><br \/>\n<strong>Die Heiligen Drei K\u00f6nige, auf einer Reise zur Anbetung des Jesuskindes, das in Bethlehem geboren wurde.<\/strong><br \/>\n<strong>In Basse-Nendaz, am 19. November 1852. C.F.B.<\/strong><br \/>\n26 x 41,5 cm. \u00a9 Robert Hofer, Sitten<\/p>\n<p>[\/et_pb_text][\/et_pb_column][\/et_pb_row][et_pb_row _builder_version=&#8220;4.9.4&#8243; _module_preset=&#8220;default&#8220;][et_pb_column type=&#8220;4_4&#8243; _builder_version=&#8220;4.9.4&#8243; _module_preset=&#8220;default&#8220;][et_pb_text _builder_version=&#8220;4.9.4&#8243; _module_preset=&#8220;default&#8220; custom_margin=&#8220;||||false|false&#8220; custom_margin_tablet=&#8220;||||false|false&#8220; custom_margin_phone=&#8220;&#8220; custom_margin_last_edited=&#8220;on|tablet&#8220;]<\/p>\n<p><img loading=\"lazy\" decoding=\"async\" class=\"alignnone size-full wp-image-241\" src=\"https:\/\/sentier-deserteur.ch\/wp-content\/uploads\/2021\/06\/icone2.png\" alt=\"\" width=\"29\" height=\"31\" \/>\u00a0Zu beachten sind die Symmetrie, die Wiederholung eines stereotypisch<br \/>\nanmutenden Musters sowie die Windrose \u00fcber jeden K\u00f6nig.<\/p>\n<p>[\/et_pb_text][et_pb_text _builder_version=&#8220;4.9.4&#8243; _module_preset=&#8220;default&#8220; text_text_color=&#8220;#330D00&#8243; custom_margin=&#8220;||||false|false&#8220; custom_margin_tablet=&#8220;||||false|false&#8220; custom_margin_phone=&#8220;&#8220; custom_margin_last_edited=&#8220;on|tablet&#8220;]<\/p>\n<p><strong>DIALEKT<\/strong><br \/>\n<span style=\"color: #b98b64;\">Im Dialekt entspricht der Begriff<\/span> \u00e9 Trey Rey, <span style=\"color: #b98b64;\">, die Heiligen Drei K\u00f6nige, dem Sternbild des Oriong\u00fcrtels, dessen Position den Bauern als Mittel zur Zeitorientierung diente.<\/span><\/p>\n<p>[\/et_pb_text][et_pb_text _builder_version=&#8220;4.9.4&#8243; _module_preset=&#8220;default&#8220;]<\/p>\n<p><img loading=\"lazy\" decoding=\"async\" class=\"alignnone size-full wp-image-244\" src=\"https:\/\/sentier-deserteur.ch\/wp-content\/uploads\/2021\/06\/icone3.png\" alt=\"\" width=\"31\" height=\"32\" \/>\u00a0Wie die Heiligen Drei K\u00f6nige und wie der Deserteur sind wir alle unterwegs und stellen uns folgende Kernfragen: Woher kommen wir? Wer sind wir? Wohin gehen wir?<\/p>\n<p>[\/et_pb_text][\/et_pb_column][\/et_pb_row][et_pb_row _builder_version=&#8220;4.9.4&#8243; _module_preset=&#8220;default&#8220; custom_padding=&#8220;0px||0px||false|false&#8220;][et_pb_column type=&#8220;4_4&#8243; _builder_version=&#8220;4.9.4&#8243; _module_preset=&#8220;default&#8220;][et_pb_image src=&#8220;https:\/\/sentier-deserteur.ch\/wp-content\/uploads\/2021\/06\/Fichier3@10x.png&#8220; title_text=&#8220;Fichier3@10x&#8220; _builder_version=&#8220;4.9.4&#8243; _module_preset=&#8220;default&#8220; positioning=&#8220;relative&#8220; vertical_offset=&#8220;50px&#8220; z_index=&#8220;1&#8243; height=&#8220;60px&#8220; custom_padding=&#8220;|||80px|false|false&#8220;][\/et_pb_image][et_pb_text _builder_version=&#8220;4.9.4&#8243; _module_preset=&#8220;default&#8220; text_text_color=&#8220;#FFFFFF&#8220; background_color=&#8220;#B98B64&#8243; custom_padding=&#8220;30px|20px|20px|20px|false|false&#8220;]<\/p>\n<p>Wenn du den Deserteur unterwegs treffen w\u00fcrdest was w\u00fcrdest du ihm sagen?<\/p>\n<p>[\/et_pb_text][\/et_pb_column][\/et_pb_row][\/et_pb_section]<\/p>\n","protected":false},"excerpt":{"rendered":"<p>\u201eDer Deserteur sagt, sein Name sei Charles-Fr\u00e9d\u00e9ric Brun. Es tut gut, seinen Namen jemandem mitzuteilen, dem man vertraut: Einen Namen zu haben, ist ein Beweis daf\u00fcr, dass man existiert. Charles- Fr\u00e9d\u00e9ric Brun, Franzose\u201c.JEAN GIONODer Deserteur &copy; GallimardS. Caspar. S. Melchior. S. Balthasar. Die Heiligen Drei K\u00f6nige, auf einer Reise zur Anbetung des Jesuskindes, das in [&hellip;]<\/p>\n","protected":false},"author":2,"featured_media":0,"parent":0,"menu_order":0,"comment_status":"closed","ping_status":"closed","template":"","meta":{"_et_pb_use_builder":"on","_et_pb_old_content":"","_et_gb_content_width":"","footnotes":""},"class_list":["post-1002","page","type-page","status-publish","hentry"],"yoast_head":"<!-- This site is optimized with the Yoast SEO plugin v27.2 - https:\/\/yoast.com\/product\/yoast-seo-wordpress\/ -->\n<title>Sentier D\u00e9serteur - Le sentier d\u00e9serteur<\/title>\n<meta name=\"description\" content=\"Es tut gut, seinen Namen jemandem mitzuteilen, dem man vertraut: Einen Namen zu haben, ist ein Beweis daf\u00fcr, dass man existiert. Charles- Fr\u00e9d\u00e9ric Brun, Deserteur\" \/>\n<meta name=\"robots\" content=\"index, follow, max-snippet:-1, max-image-preview:large, max-video-preview:-1\" \/>\n<link rel=\"canonical\" href=\"https:\/\/sentier-deserteur.ch\/de\/p17\/\" \/>\n<meta property=\"og:locale\" content=\"de_DE\" \/>\n<meta property=\"og:type\" content=\"article\" \/>\n<meta property=\"og:title\" content=\"Sentier D\u00e9serteur - Le sentier d\u00e9serteur\" \/>\n<meta property=\"og:description\" content=\"Es tut gut, seinen Namen jemandem mitzuteilen, dem man vertraut: Einen Namen zu haben, ist ein Beweis daf\u00fcr, dass man existiert. Charles- Fr\u00e9d\u00e9ric Brun, Deserteur\" \/>\n<meta property=\"og:url\" content=\"https:\/\/sentier-deserteur.ch\/de\/p17\/\" \/>\n<meta property=\"og:site_name\" content=\"Sentier D\u00e9serteur\" \/>\n<meta property=\"article:modified_time\" content=\"2021-06-11T10:17:34+00:00\" \/>\n<meta property=\"og:image\" content=\"https:\/\/sentier-deserteur.ch\/wp-content\/uploads\/2021\/06\/icone2.png\" \/>\n<meta name=\"twitter:card\" content=\"summary_large_image\" \/>\n<meta name=\"twitter:label1\" content=\"Gesch\u00e4tzte Lesezeit\" \/>\n\t<meta name=\"twitter:data1\" content=\"5\u00a0Minuten\" \/>\n<script type=\"application\/ld+json\" class=\"yoast-schema-graph\">{\"@context\":\"https:\/\/schema.org\",\"@graph\":[{\"@type\":\"WebPage\",\"@id\":\"https:\/\/sentier-deserteur.ch\/de\/p17\/\",\"url\":\"https:\/\/sentier-deserteur.ch\/de\/p17\/\",\"name\":\"Sentier D\u00e9serteur - Le sentier d\u00e9serteur\",\"isPartOf\":{\"@id\":\"https:\/\/sentier-deserteur.ch\/#website\"},\"primaryImageOfPage\":{\"@id\":\"https:\/\/sentier-deserteur.ch\/de\/p17\/#primaryimage\"},\"image\":{\"@id\":\"https:\/\/sentier-deserteur.ch\/de\/p17\/#primaryimage\"},\"thumbnailUrl\":\"https:\/\/sentier-deserteur.ch\/wp-content\/uploads\/2021\/06\/icone2.png\",\"datePublished\":\"2021-06-10T11:36:51+00:00\",\"dateModified\":\"2021-06-11T10:17:34+00:00\",\"description\":\"Es tut gut, seinen Namen jemandem mitzuteilen, dem man vertraut: Einen Namen zu haben, ist ein Beweis daf\u00fcr, dass man existiert. Charles- Fr\u00e9d\u00e9ric Brun, Deserteur\",\"breadcrumb\":{\"@id\":\"https:\/\/sentier-deserteur.ch\/de\/p17\/#breadcrumb\"},\"inLanguage\":\"de\",\"potentialAction\":[{\"@type\":\"ReadAction\",\"target\":[\"https:\/\/sentier-deserteur.ch\/de\/p17\/\"]}]},{\"@type\":\"ImageObject\",\"inLanguage\":\"de\",\"@id\":\"https:\/\/sentier-deserteur.ch\/de\/p17\/#primaryimage\",\"url\":\"https:\/\/sentier-deserteur.ch\/wp-content\/uploads\/2021\/06\/icone2.png\",\"contentUrl\":\"https:\/\/sentier-deserteur.ch\/wp-content\/uploads\/2021\/06\/icone2.png\"},{\"@type\":\"BreadcrumbList\",\"@id\":\"https:\/\/sentier-deserteur.ch\/de\/p17\/#breadcrumb\",\"itemListElement\":[{\"@type\":\"ListItem\",\"position\":1,\"name\":\"Accueil\",\"item\":\"https:\/\/sentier-deserteur.ch\/de\/\"},{\"@type\":\"ListItem\",\"position\":2,\"name\":\"P17\"}]},{\"@type\":\"WebSite\",\"@id\":\"https:\/\/sentier-deserteur.ch\/#website\",\"url\":\"https:\/\/sentier-deserteur.ch\/\",\"name\":\"Sentier D\u00e9serteur\",\"description\":\"Sur les pas du D\u00e9serteur\",\"publisher\":{\"@id\":\"https:\/\/sentier-deserteur.ch\/#organization\"},\"potentialAction\":[{\"@type\":\"SearchAction\",\"target\":{\"@type\":\"EntryPoint\",\"urlTemplate\":\"https:\/\/sentier-deserteur.ch\/?s={search_term_string}\"},\"query-input\":{\"@type\":\"PropertyValueSpecification\",\"valueRequired\":true,\"valueName\":\"search_term_string\"}}],\"inLanguage\":\"de\"},{\"@type\":\"Organization\",\"@id\":\"https:\/\/sentier-deserteur.ch\/#organization\",\"name\":\"Le Sentier du D\u00e9serteur\",\"url\":\"https:\/\/sentier-deserteur.ch\/\",\"logo\":{\"@type\":\"ImageObject\",\"inLanguage\":\"de\",\"@id\":\"https:\/\/sentier-deserteur.ch\/#\/schema\/logo\/image\/\",\"url\":\"https:\/\/sentier-deserteur.ch\/wp-content\/uploads\/2021\/06\/logo-sent-desert.png\",\"contentUrl\":\"https:\/\/sentier-deserteur.ch\/wp-content\/uploads\/2021\/06\/logo-sent-desert.png\",\"width\":512,\"height\":512,\"caption\":\"Le Sentier du D\u00e9serteur\"},\"image\":{\"@id\":\"https:\/\/sentier-deserteur.ch\/#\/schema\/logo\/image\/\"}}]}<\/script>\n<!-- \/ Yoast SEO plugin. -->","yoast_head_json":{"title":"Sentier D\u00e9serteur - Le sentier d\u00e9serteur","description":"Es tut gut, seinen Namen jemandem mitzuteilen, dem man vertraut: Einen Namen zu haben, ist ein Beweis daf\u00fcr, dass man existiert. Charles- Fr\u00e9d\u00e9ric Brun, Deserteur","robots":{"index":"index","follow":"follow","max-snippet":"max-snippet:-1","max-image-preview":"max-image-preview:large","max-video-preview":"max-video-preview:-1"},"canonical":"https:\/\/sentier-deserteur.ch\/de\/p17\/","og_locale":"de_DE","og_type":"article","og_title":"Sentier D\u00e9serteur - Le sentier d\u00e9serteur","og_description":"Es tut gut, seinen Namen jemandem mitzuteilen, dem man vertraut: Einen Namen zu haben, ist ein Beweis daf\u00fcr, dass man existiert. Charles- Fr\u00e9d\u00e9ric Brun, Deserteur","og_url":"https:\/\/sentier-deserteur.ch\/de\/p17\/","og_site_name":"Sentier D\u00e9serteur","article_modified_time":"2021-06-11T10:17:34+00:00","og_image":[{"url":"https:\/\/sentier-deserteur.ch\/wp-content\/uploads\/2021\/06\/icone2.png","type":"","width":"","height":""}],"twitter_card":"summary_large_image","twitter_misc":{"Gesch\u00e4tzte Lesezeit":"5\u00a0Minuten"},"schema":{"@context":"https:\/\/schema.org","@graph":[{"@type":"WebPage","@id":"https:\/\/sentier-deserteur.ch\/de\/p17\/","url":"https:\/\/sentier-deserteur.ch\/de\/p17\/","name":"Sentier D\u00e9serteur - Le sentier d\u00e9serteur","isPartOf":{"@id":"https:\/\/sentier-deserteur.ch\/#website"},"primaryImageOfPage":{"@id":"https:\/\/sentier-deserteur.ch\/de\/p17\/#primaryimage"},"image":{"@id":"https:\/\/sentier-deserteur.ch\/de\/p17\/#primaryimage"},"thumbnailUrl":"https:\/\/sentier-deserteur.ch\/wp-content\/uploads\/2021\/06\/icone2.png","datePublished":"2021-06-10T11:36:51+00:00","dateModified":"2021-06-11T10:17:34+00:00","description":"Es tut gut, seinen Namen jemandem mitzuteilen, dem man vertraut: Einen Namen zu haben, ist ein Beweis daf\u00fcr, dass man existiert. Charles- Fr\u00e9d\u00e9ric Brun, Deserteur","breadcrumb":{"@id":"https:\/\/sentier-deserteur.ch\/de\/p17\/#breadcrumb"},"inLanguage":"de","potentialAction":[{"@type":"ReadAction","target":["https:\/\/sentier-deserteur.ch\/de\/p17\/"]}]},{"@type":"ImageObject","inLanguage":"de","@id":"https:\/\/sentier-deserteur.ch\/de\/p17\/#primaryimage","url":"https:\/\/sentier-deserteur.ch\/wp-content\/uploads\/2021\/06\/icone2.png","contentUrl":"https:\/\/sentier-deserteur.ch\/wp-content\/uploads\/2021\/06\/icone2.png"},{"@type":"BreadcrumbList","@id":"https:\/\/sentier-deserteur.ch\/de\/p17\/#breadcrumb","itemListElement":[{"@type":"ListItem","position":1,"name":"Accueil","item":"https:\/\/sentier-deserteur.ch\/de\/"},{"@type":"ListItem","position":2,"name":"P17"}]},{"@type":"WebSite","@id":"https:\/\/sentier-deserteur.ch\/#website","url":"https:\/\/sentier-deserteur.ch\/","name":"Sentier D\u00e9serteur","description":"Sur les pas du D\u00e9serteur","publisher":{"@id":"https:\/\/sentier-deserteur.ch\/#organization"},"potentialAction":[{"@type":"SearchAction","target":{"@type":"EntryPoint","urlTemplate":"https:\/\/sentier-deserteur.ch\/?s={search_term_string}"},"query-input":{"@type":"PropertyValueSpecification","valueRequired":true,"valueName":"search_term_string"}}],"inLanguage":"de"},{"@type":"Organization","@id":"https:\/\/sentier-deserteur.ch\/#organization","name":"Le Sentier du D\u00e9serteur","url":"https:\/\/sentier-deserteur.ch\/","logo":{"@type":"ImageObject","inLanguage":"de","@id":"https:\/\/sentier-deserteur.ch\/#\/schema\/logo\/image\/","url":"https:\/\/sentier-deserteur.ch\/wp-content\/uploads\/2021\/06\/logo-sent-desert.png","contentUrl":"https:\/\/sentier-deserteur.ch\/wp-content\/uploads\/2021\/06\/logo-sent-desert.png","width":512,"height":512,"caption":"Le Sentier du D\u00e9serteur"},"image":{"@id":"https:\/\/sentier-deserteur.ch\/#\/schema\/logo\/image\/"}}]}},"_links":{"self":[{"href":"https:\/\/sentier-deserteur.ch\/de\/wp-json\/wp\/v2\/pages\/1002","targetHints":{"allow":["GET"]}}],"collection":[{"href":"https:\/\/sentier-deserteur.ch\/de\/wp-json\/wp\/v2\/pages"}],"about":[{"href":"https:\/\/sentier-deserteur.ch\/de\/wp-json\/wp\/v2\/types\/page"}],"author":[{"embeddable":true,"href":"https:\/\/sentier-deserteur.ch\/de\/wp-json\/wp\/v2\/users\/2"}],"replies":[{"embeddable":true,"href":"https:\/\/sentier-deserteur.ch\/de\/wp-json\/wp\/v2\/comments?post=1002"}],"version-history":[{"count":5,"href":"https:\/\/sentier-deserteur.ch\/de\/wp-json\/wp\/v2\/pages\/1002\/revisions"}],"predecessor-version":[{"id":1233,"href":"https:\/\/sentier-deserteur.ch\/de\/wp-json\/wp\/v2\/pages\/1002\/revisions\/1233"}],"wp:attachment":[{"href":"https:\/\/sentier-deserteur.ch\/de\/wp-json\/wp\/v2\/media?parent=1002"}],"curies":[{"name":"wp","href":"https:\/\/api.w.org\/{rel}","templated":true}]}}